{"id":34186,"date":"2025-01-07T11:56:42","date_gmt":"2025-01-07T10:56:42","guid":{"rendered":"https:\/\/www.zonefranche.com\/members\/listings-in-the-directory-of-professionals-on-the-african-continent\/"},"modified":"2025-01-14T15:14:06","modified_gmt":"2025-01-14T14:14:06","slug":"listings-in-the-directory-of-professionals-on-the-african-continent","status":"publish","type":"page","link":"https:\/\/www.zonefranche.com\/en\/members\/listings-in-the-directory-of-professionals-on-the-african-continent\/","title":{"rendered":"Listings in the directory of professionals on the African continent"},"content":{"rendered":"\t\t<div data-elementor-type=\"wp-page\" data-elementor-id=\"34186\" class=\"elementor elementor-34186 elementor-33944\" data-elementor-post-type=\"page\">\n\t\t\t\t\t\t<section class=\"elementor-section elementor-top-section elementor-element elementor-element-b4caf6b elementor-section-boxed elementor-section-height-default elementor-section-height-default\" data-id=\"b4caf6b\" data-element_type=\"section\" data-e-type=\"section\" data-settings=\"{&quot;background_background&quot;:&quot;classic&quot;}\">\n\t\t\t\t\t\t<div class=\"elementor-container elementor-column-gap-default\">\n\t\t\t\t\t<div class=\"elementor-column elementor-col-100 elementor-top-column elementor-element elementor-element-5a79deb\" data-id=\"5a79deb\" data-element_type=\"column\" data-e-type=\"column\" data-settings=\"{&quot;background_background&quot;:&quot;classic&quot;}\">\n\t\t\t<div class=\"elementor-widget-wrap elementor-element-populated\">\n\t\t\t\t\t\t<div class=\"elementor-element elementor-element-4eb5334 elementor-widget elementor-widget-text-editor\" data-id=\"4eb5334\" data-element_type=\"widget\" data-e-type=\"widget\" data-widget_type=\"text-editor.default\">\n\t\t\t\t<div class=\"elementor-widget-container\">\n\t\t\t\t\t\t\t\t\t<p style=\"margin: 0px; font-variant-numeric: normal; font-variant-east-asian: normal; font-variant-alternates: normal; font-kerning: auto; font-optical-sizing: auto; font-feature-settings: normal; font-variation-settings: normal; font-variant-position: normal; font-stretch: normal; font-size: 36px; line-height: normal; font-family: Merriweather;\"><span style=\"font-size: 26px;\"><strong>Cre\u00adation of a&nbsp;direc\u00adto\u00adry of <br>world music pro\u00adfes\u00adsion\u00adals&nbsp;: \u201cSANS VISA 2.0\u201d.<\/strong><\/span><\/p>\n\t\t\t\t\t\t\t\t<\/div>\n\t\t\t\t<\/div>\n\t\t\t\t\t<\/div>\n\t\t<\/div>\n\t\t\t\t\t<\/div>\n\t\t<\/section>\n\t\t\t\t<section class=\"elementor-section elementor-top-section elementor-element elementor-element-c553a13 elementor-section-boxed elementor-section-height-default elementor-section-height-default\" data-id=\"c553a13\" data-element_type=\"section\" data-e-type=\"section\" data-settings=\"{&quot;background_background&quot;:&quot;classic&quot;}\">\n\t\t\t\t\t\t<div class=\"elementor-container elementor-column-gap-default\">\n\t\t\t\t\t<div class=\"elementor-column elementor-col-100 elementor-top-column elementor-element elementor-element-6c0a07f\" data-id=\"6c0a07f\" data-element_type=\"column\" data-e-type=\"column\" data-settings=\"{&quot;background_background&quot;:&quot;classic&quot;}\">\n\t\t\t<div class=\"elementor-widget-wrap elementor-element-populated\">\n\t\t\t\t\t\t<section class=\"elementor-section elementor-inner-section elementor-element elementor-element-532ab03 elementor-section-boxed elementor-section-height-default elementor-section-height-default\" data-id=\"532ab03\" data-element_type=\"section\" data-e-type=\"section\">\n\t\t\t\t\t\t<div class=\"elementor-container elementor-column-gap-default\">\n\t\t\t\t\t<div class=\"elementor-column elementor-col-50 elementor-inner-column elementor-element elementor-element-64d5051\" data-id=\"64d5051\" data-element_type=\"column\" data-e-type=\"column\">\n\t\t\t<div class=\"elementor-widget-wrap elementor-element-populated\">\n\t\t\t\t\t\t<div class=\"elementor-element elementor-element-1b20c9c elementor-widget elementor-widget-image\" data-id=\"1b20c9c\" data-element_type=\"widget\" data-e-type=\"widget\" data-widget_type=\"image.default\">\n\t\t\t\t<div class=\"elementor-widget-container\">\n\t\t\t\t\t\t\t\t\t\t\t\t\t\t\t<img fetchpriority=\"high\" decoding=\"async\" width=\"433\" height=\"640\" src=\"https:\/\/www.zonefranche.com\/wp-content\/uploads\/2025\/01\/IMG_8833.jpeg\" class=\"attachment-large size-large wp-image-33986\" alt srcset=\"https:\/\/www.zonefranche.com\/wp-content\/uploads\/2025\/01\/IMG_8833.jpeg 433w, https:\/\/www.zonefranche.com\/wp-content\/uploads\/2025\/01\/IMG_8833-203x300.jpeg 203w\" sizes=\"(max-width: 433px) 100vw, 433px\">\t\t\t\t\t\t\t\t\t\t\t\t\t\t\t<\/div>\n\t\t\t\t<\/div>\n\t\t\t\t\t<\/div>\n\t\t<\/div>\n\t\t\t\t<div class=\"elementor-column elementor-col-50 elementor-inner-column elementor-element elementor-element-998ebe8\" data-id=\"998ebe8\" data-element_type=\"column\" data-e-type=\"column\">\n\t\t\t<div class=\"elementor-widget-wrap elementor-element-populated\">\n\t\t\t\t\t\t<div class=\"elementor-element elementor-element-20eca51 elementor-widget elementor-widget-text-editor\" data-id=\"20eca51\" data-element_type=\"widget\" data-e-type=\"widget\" data-widget_type=\"text-editor.default\">\n\t\t\t\t<div class=\"elementor-widget-container\">\n\t\t\t\t\t\t\t\t\t<p><strong>In order to improve coop\u00ader\u00ada\u00adtion between music pro\u00adfes\u00adsion\u00adals on the con\u00adti\u00adnent (and beyond), the work\u00ading group that brings togeth\u00ader Zone Franche mem\u00adbers on the African con\u00adti\u00adnent quick\u00adly iden\u00adti\u00adfied the need to iden\u00adti\u00adfy and locate the lat\u00adter.  <\/strong><\/p>\n<p>So the idea of cre\u00adat\u00ading a&nbsp;direc\u00adto\u00adry of African music pro\u00adfes\u00adsion\u00adals quick\u00adly took hold. Even\u00adtu\u00adal\u00adly, it could be extend\u00aded to oth\u00ader con\u00adti\u00adnents. With the help of Zone Franche\u2019s African mem\u00adbers and part\u00adners, we have drawn up this ques\u00adtion\u00adnaire, which is intend\u00aded to be dis\u00adtrib\u00aduted.  <\/p>\n<p>In doing so, we can\u2019t avoid the his\u00adtor\u00adi\u00adcal ref\u00ader\u00adence to the work done by Zone Franche in the 90s with the \u201cSANS VISA\u201d guide, which list\u00aded over 12,000 pro\u00adfes\u00adsion\u00adals from all over the world, plus in-depth arti\u00adcles on the music of var\u00adi\u00adous coun\u00adtries. Hence the name of this new tool, which will even\u00adtu\u00adal\u00adly be pub\u00adlished on the Zone Franche web\u00adsite&nbsp;: \u201d <strong>SANS VISA 2.0<\/strong> \u201c. <\/p>\n\t\t\t\t\t\t\t\t<\/div>\n\t\t\t\t<\/div>\n\t\t\t\t\t<\/div>\n\t\t<\/div>\n\t\t\t\t\t<\/div>\n\t\t<\/section>\n\t\t\t\t\t<\/div>\n\t\t<\/div>\n\t\t\t\t\t<\/div>\n\t\t<\/section>\n\t\t\t\t<section class=\"elementor-section elementor-top-section elementor-element elementor-element-cb1ea3c elementor-section-boxed elementor-section-height-default elementor-section-height-default\" data-id=\"cb1ea3c\" data-element_type=\"section\" data-e-type=\"section\" data-settings=\"{&quot;background_background&quot;:&quot;classic&quot;}\">\n\t\t\t\t\t\t<div class=\"elementor-container elementor-column-gap-default\">\n\t\t\t\t\t<div class=\"elementor-column elementor-col-100 elementor-top-column elementor-element elementor-element-0ecef93\" data-id=\"0ecef93\" data-element_type=\"column\" data-e-type=\"column\" data-settings=\"{&quot;background_background&quot;:&quot;classic&quot;}\">\n\t\t\t<div class=\"elementor-widget-wrap elementor-element-populated\">\n\t\t\t\t\t\t<div class=\"elementor-element elementor-element-26e2bcd elementor-widget elementor-widget-text-editor\" data-id=\"26e2bcd\" data-element_type=\"widget\" data-e-type=\"widget\" data-widget_type=\"text-editor.default\">\n\t\t\t\t<div class=\"elementor-widget-container\">\n\t\t\t\t\t\t\t\t\t<h3>Structure information<\/h3>\n<p>Please fill in this form to add your com\u00adpa\u00adny to the Sans Visa 2.0 direc\u00adto\u00adry of African pro\u00adfes\u00adsion\u00adals. Your request will be sub\u00adject to mod\u00ader\u00ada\u00adtion. <\/p>\n        <div class=\"pros-africa-form-wrapper\">\n            <form method=\"post\" enctype=\"multipart\/form-data\">\n                <input type=\"text\" name=\"pros_africa_hp\" style=\"display:none;\">\n                <p><label for=\"nom_structure\"><strong>Nom de la struc\u00adture*<\/strong><\/label><br><input type=\"text\" name=\"nom_structure\" id=\"nom_structure\" required><\/p><p><label for=\"nom_responsable\"><strong>Nom du Respon\u00ads\u00adable*<\/strong><\/label><br><input type=\"text\" name=\"nom_responsable\" id=\"nom_responsable\" required><\/p><p><label for=\"adresse\"><strong>Adresse*<\/strong><\/label><br><textarea name=\"adresse\" id=\"adresse\" rows=\"5\" required><\/textarea><\/p><p><label for=\"pays\"><strong>Pays*<\/strong><\/label><br><select name=\"pays\" id=\"pays\" required><option value>-- S\u00e9lectionner --<\/option><option value=\"Afghanistan\">Afghanistan<\/option><option value=\"Afrique du Sud\">Afrique du Sud<\/option><option value=\"Albanie\">Albanie<\/option><option value=\"Alg\u00e9rie\">Alg\u00e9rie<\/option><option value=\"Allemagne\">Allemagne<\/option><option value=\"Andorre\">Andorre<\/option><option value=\"Angola\">Angola<\/option><option value=\"Antigua-et-Barbuda\">Antigua-et-Barbuda<\/option><option value=\"Arabie saoudite\">Arabie saoudite<\/option><option value=\"Argentine\">Argentine<\/option><option value=\"Arm\u00e9nie\">Arm\u00e9nie<\/option><option value=\"Australie\">Australie<\/option><option value=\"Autriche\">Autriche<\/option><option value=\"Azerba\u00efdjan\">Azerba\u00efdjan<\/option><option value=\"Bahamas\">Bahamas<\/option><option value=\"Bahre\u00efn\">Bahre\u00efn<\/option><option value=\"Bangladesh\">Bangladesh<\/option><option value=\"Barbade\">Barbade<\/option><option value=\"Belgique\">Belgique<\/option><option value=\"B\u00e9lize\">B\u00e9lize<\/option><option value=\"B\u00e9nin\">B\u00e9nin<\/option><option value=\"Bhoutan\">Bhoutan<\/option><option value=\"Bi\u00e9lorussie\">Bi\u00e9lorussie<\/option><option value=\"Birmanie\">Birmanie<\/option><option value=\"Bolivie\">Bolivie<\/option><option value=\"Bosnie-Herz\u00e9govine\">Bosnie-Herz\u00e9govine<\/option><option value=\"Botswana\">Botswana<\/option><option value=\"Br\u00e9sil\">Br\u00e9sil<\/option><option value=\"Brunei\">Brunei<\/option><option value=\"Bulgarie\">Bulgarie<\/option><option value=\"Burkina\">Burkina<\/option><option value=\"Burundi\">Burundi<\/option><option value=\"Cambodge\">Cambodge<\/option><option value=\"Cameroun\">Cameroun<\/option><option value=\"Canada\">Canada<\/option><option value=\"Cap-Vert\">Cap-Vert<\/option><option value=\"Centrafrique\">Centrafrique<\/option><option value=\"Chili\">Chili<\/option><option value=\"Chine\">Chine<\/option><option value=\"Chypre\">Chypre<\/option><option value=\"Colombie\">Colombie<\/option><option value=\"Comores\">Comores<\/option><option value=\"Congo\">Congo<\/option><option value=\"R\u00e9publique d\u00e9mocratique du Congo\">R\u00e9publique d\u00e9mocratique du Congo<\/option><option value=\"\u00celes Cook\">\u00celes Cook<\/option><option value=\"Cor\u00e9e du Nord\">Cor\u00e9e du Nord<\/option><option value=\"Cor\u00e9e du Sud\">Cor\u00e9e du Sud<\/option><option value=\"Costa Rica\">Costa Rica<\/option><option value=\"C\u00f4te d'Ivoire\">C\u00f4te d'Ivoire<\/option><option value=\"Croatie\">Croatie<\/option><option value=\"Cuba\">Cuba<\/option><option value=\"Danemark\">Danemark<\/option><option value=\"Djibouti\">Djibouti<\/option><option value=\"R\u00e9publique dominicaine\">R\u00e9publique dominicaine<\/option><option value=\"Dominique\">Dominique<\/option><option value=\"\u00c9gypte\">\u00c9gypte<\/option><option value=\"\u00c9mirats arabes unis\">\u00c9mirats arabes unis<\/option><option value=\"\u00c9quateur\">\u00c9quateur<\/option><option value=\"\u00c9rythr\u00e9e\">\u00c9rythr\u00e9e<\/option><option value=\"Espagne\">Espagne<\/option><option value=\"Estonie\">Estonie<\/option><option value=\"Eswatini\">Eswatini<\/option><option value=\"\u00c9tats-Unis\">\u00c9tats-Unis<\/option><option value=\"\u00c9thiopie\">\u00c9thiopie<\/option><option value=\"Fidji\">Fidji<\/option><option value=\"Finlande\">Finlande<\/option><option value=\"France\">France<\/option><option value=\"Gabon\">Gabon<\/option><option value=\"Gambie\">Gambie<\/option><option value=\"G\u00e9orgie\">G\u00e9orgie<\/option><option value=\"Ghana\">Ghana<\/option><option value=\"Gr\u00e8ce\">Gr\u00e8ce<\/option><option value=\"Grenade\">Grenade<\/option><option value=\"Guat\u00e9mala\">Guat\u00e9mala<\/option><option value=\"Guin\u00e9e\">Guin\u00e9e<\/option><option value=\"Guin\u00e9e \u00e9quatoriale\">Guin\u00e9e \u00e9quatoriale<\/option><option value=\"Guin\u00e9e-Bissao\">Guin\u00e9e-Bissao<\/option><option value=\"Guyana\">Guyana<\/option><option value=\"Ha\u00efti\">Ha\u00efti<\/option><option value=\"Honduras\">Honduras<\/option><option value=\"Hongrie\">Hongrie<\/option><option value=\"Inde\">Inde<\/option><option value=\"Indon\u00e9sie\">Indon\u00e9sie<\/option><option value=\"Irak\">Irak<\/option><option value=\"Iran\">Iran<\/option><option value=\"Irlande\">Irlande<\/option><option value=\"Islande\">Islande<\/option><option value=\"Isra\u00ebl\">Isra\u00ebl<\/option><option value=\"Italie\">Italie<\/option><option value=\"Jama\u00efque\">Jama\u00efque<\/option><option value=\"Japon\">Japon<\/option><option value=\"Jordanie\">Jordanie<\/option><option value=\"Kazakhstan\">Kazakhstan<\/option><option value=\"K\u00e9nya\">K\u00e9nya<\/option><option value=\"Kirghizstan\">Kirghizstan<\/option><option value=\"Kiribati\">Kiribati<\/option><option value=\"Kosovo\">Kosovo<\/option><option value=\"Kowe\u00eft\">Kowe\u00eft<\/option><option value=\"Laos\">Laos<\/option><option value=\"L\u00e9sotho\">L\u00e9sotho<\/option><option value=\"Lettonie\">Lettonie<\/option><option value=\"Liban\">Liban<\/option><option value=\"Lib\u00e9ria\">Lib\u00e9ria<\/option><option value=\"Libye\">Libye<\/option><option value=\"Liechtenstein\">Liechtenstein<\/option><option value=\"Lituanie\">Lituanie<\/option><option value=\"Luxembourg\">Luxembourg<\/option><option value=\"Mac\u00e9doine du Nord\">Mac\u00e9doine du Nord<\/option><option value=\"Madagascar\">Madagascar<\/option><option value=\"Malaisie\">Malaisie<\/option><option value=\"Malawi\">Malawi<\/option><option value=\"Maldives\">Maldives<\/option><option value=\"Mali\">Mali<\/option><option value=\"Malte\">Malte<\/option><option value=\"Maroc\">Maroc<\/option><option value=\"\u00celes Marshall\">\u00celes Marshall<\/option><option value=\"Maurice\">Maurice<\/option><option value=\"Mauritanie\">Mauritanie<\/option><option value=\"Mexique\">Mexique<\/option><option value=\"Micron\u00e9sie\">Micron\u00e9sie<\/option><option value=\"Moldavie\">Moldavie<\/option><option value=\"Monaco\">Monaco<\/option><option value=\"Mongolie\">Mongolie<\/option><option value=\"Mont\u00e9n\u00e9gro\">Mont\u00e9n\u00e9gro<\/option><option value=\"Mozambique\">Mozambique<\/option><option value=\"Namibie\">Namibie<\/option><option value=\"Nauru\">Nauru<\/option><option value=\"N\u00e9pal\">N\u00e9pal<\/option><option value=\"Nicaragua\">Nicaragua<\/option><option value=\"Niger\">Niger<\/option><option value=\"Nig\u00e9ria\">Nig\u00e9ria<\/option><option value=\"Niue\">Niue<\/option><option value=\"Norv\u00e8ge\">Norv\u00e8ge<\/option><option value=\"Nouvelle-Z\u00e9lande\">Nouvelle-Z\u00e9lande<\/option><option value=\"Oman\">Oman<\/option><option value=\"Ouganda\">Ouganda<\/option><option value=\"Ouzb\u00e9kistan\">Ouzb\u00e9kistan<\/option><option value=\"Pakistan\">Pakistan<\/option><option value=\"Palaos\">Palaos<\/option><option value=\"Palestine\">Palestine<\/option><option value=\"Panama\">Panama<\/option><option value=\"Papouasie-Nouvelle-Guin\u00e9e\">Papouasie-Nouvelle-Guin\u00e9e<\/option><option value=\"Paraguay\">Paraguay<\/option><option value=\"Pays-Bas\">Pays-Bas<\/option><option value=\"P\u00e9rou\">P\u00e9rou<\/option><option value=\"Philippines\">Philippines<\/option><option value=\"Pologne\">Pologne<\/option><option value=\"Portugal\">Portugal<\/option><option value=\"Qatar\">Qatar<\/option><option value=\"Roumanie\">Roumanie<\/option><option value=\"Royaume-Uni\">Royaume-Uni<\/option><option value=\"Russie\">Russie<\/option><option value=\"Rwanda\">Rwanda<\/option><option value=\"Saint-Christophe-et-Ni\u00e9v\u00e8s\">Saint-Christophe-et-Ni\u00e9v\u00e8s<\/option><option value=\"Sainte-Lucie\">Sainte-Lucie<\/option><option value=\"Saint-Marin\">Saint-Marin<\/option><option value=\"Saint-Vincent-et-les-Grenadines\">Saint-Vincent-et-les-Grenadines<\/option><option value=\"Salomon\">Salomon<\/option><option value=\"Salvador\">Salvador<\/option><option value=\"Samoa\">Samoa<\/option><option value=\"Sao Tom\u00e9-et-Principe\">Sao Tom\u00e9-et-Principe<\/option><option value=\"S\u00e9n\u00e9gal\">S\u00e9n\u00e9gal<\/option><option value=\"Serbie\">Serbie<\/option><option value=\"Seychelles\">Seychelles<\/option><option value=\"Sierra Leone\">Sierra Leone<\/option><option value=\"Singapour\">Singapour<\/option><option value=\"Slovaquie\">Slovaquie<\/option><option value=\"Slov\u00e9nie\">Slov\u00e9nie<\/option><option value=\"Somalie\">Somalie<\/option><option value=\"Soudan\">Soudan<\/option><option value=\"Soudan du Sud\">Soudan du Sud<\/option><option value=\"Sri Lanka\">Sri Lanka<\/option><option value=\"Su\u00e8de\">Su\u00e8de<\/option><option value=\"Suisse\">Suisse<\/option><option value=\"Suriname\">Suriname<\/option><option value=\"Syrie\">Syrie<\/option><option value=\"Tadjikistan\">Tadjikistan<\/option><option value=\"Tanzanie\">Tanzanie<\/option><option value=\"Tchad\">Tchad<\/option><option value=\"Tch\u00e9quie\">Tch\u00e9quie<\/option><option value=\"Tha\u00eflande\">Tha\u00eflande<\/option><option value=\"Timor oriental\">Timor oriental<\/option><option value=\"Togo\">Togo<\/option><option value=\"Tonga\">Tonga<\/option><option value=\"Trinit\u00e9-et-Tobago\">Trinit\u00e9-et-Tobago<\/option><option value=\"Tunisie\">Tunisie<\/option><option value=\"Turkm\u00e9nistan\">Turkm\u00e9nistan<\/option><option value=\"Turquie\">Turquie<\/option><option value=\"Tuvalu\">Tuvalu<\/option><option value=\"Ukraine\">Ukraine<\/option><option value=\"Uruguay\">Uruguay<\/option><option value=\"Vanuatu\">Vanuatu<\/option><option value=\"Vatican\">Vatican<\/option><option value=\"V\u00e9n\u00e9zu\u00e9la\">V\u00e9n\u00e9zu\u00e9la<\/option><option value=\"Vietnam\">Vietnam<\/option><option value=\"Y\u00e9men\">Y\u00e9men<\/option><option value=\"Zambie\">Zambie<\/option><option value=\"Zimbabw\u00e9\">Zimbabw\u00e9<\/option><\/select><\/p><p><label for=\"activite_principale\"><strong>Activ\u00adit\u00e9 prin\u00adci\u00adpale*<\/strong><\/label><br><select name=\"activite_principale\" id=\"activite_principale\" required><option value>-- S\u00e9lectionner --<\/option><option value=\"Salles et lieux de spectacles\">Salles et lieux de spectacles<\/option><option value=\"Festival\">Festival<\/option><option value=\"Producteurs, tourneurs, agences artistiques\">Producteurs, tourneurs, agences artistiques<\/option><option value=\"Producteurs phonographiques\">Producteurs phonographiques<\/option><option value=\"\u00c9diteurs\">\u00c9diteurs<\/option><option value=\"Studio d\u2019enregistrements\">Studio d\u2019enregistrements<\/option><option value=\"Salons professionnels \/ March\u00e9\">Salons professionnels \/ March\u00e9<\/option><\/select><\/p><p><label for=\"activite_secondaire\"><strong>Activ\u00adit\u00e9 sec\u00adondaire<\/strong><\/label><br><select name=\"activite_secondaire\" id=\"activite_secondaire\"><option value>-- S\u00e9lectionner --<\/option><option value=\"Salles et lieux de spectacles\">Salles et lieux de spectacles<\/option><option value=\"Festival\">Festival<\/option><option value=\"Producteurs, tourneurs, agences artistiques\">Producteurs, tourneurs, agences artistiques<\/option><option value=\"Producteurs phonographiques\">Producteurs phonographiques<\/option><option value=\"\u00c9diteurs\">\u00c9diteurs<\/option><option value=\"Studio d\u2019enregistrements\">Studio d\u2019enregistrements<\/option><option value=\"Salons professionnels \/ March\u00e9\">Salons professionnels \/ March\u00e9<\/option><\/select><\/p><p><label for=\"telephone\"><strong>T\u00e9l\u00e9\u00adphone*<\/strong><\/label><br><input type=\"text\" name=\"telephone\" id=\"telephone\" required><\/p><p><label for=\"email\"><strong>Adresse de mes\u00adsagerie*<\/strong><\/label><br><input type=\"email\" name=\"email\" id=\"email\" required><\/p><p><label for=\"logo\"><strong>Logo<\/strong><\/label><br><input type=\"file\" name=\"logo\" id=\"logo\" accept=\"image\/*\"><\/p><p><label for=\"site_web\"><strong>Site web<\/strong><\/label><br><input type=\"url\" name=\"site_web\" id=\"site_web\"><\/p><p><label for=\"facebook\"><strong>Face\u00adbook<\/strong><\/label><br><input type=\"url\" name=\"facebook\" id=\"facebook\"><\/p><p><label for=\"instagram\"><strong>Insta\u00adgram<\/strong><\/label><br><input type=\"url\" name=\"instagram\" id=\"instagram\"><\/p><p><label for=\"youtube\"><strong>Youtube<\/strong><\/label><br><input type=\"url\" name=\"youtube\" id=\"youtube\"><\/p><p><label for=\"consent\"><strong>Traite\u00adment des don\u00adn\u00e9es*<\/strong><\/label><br><label><input type=\"checkbox\" name=\"consent[]\" value=\"J'accepte que mes donn\u00e9es soient trait\u00e9es et ajout\u00e9es \u00e0 la base de donn\u00e9es publique des professionnels\" required> J\u2019ac\u00adcepte que mes don\u00adn\u00e9es soient trait\u00e9es et ajout\u00e9es \u00e0&nbsp;la base de don\u00adn\u00e9es publique des pro\u00adfes\u00adsion\u00adnels<\/label><br><\/p>                <input type=\"hidden\" id=\"dynamic_pro_africa_form_nonce\" name=\"dynamic_pro_africa_form_nonce\" value=\"c4e49dd9e9\"><input type=\"hidden\" name=\"_wp_http_referer\" value=\"\/en\/wp-json\/wp\/v2\/pages\/34186\">                <input type=\"hidden\" name=\"action\" value=\"dynamic_submit_pro_africa_form\">\n                <button type=\"submit\">Soumettre<\/button>\n            <\/form>\n        <\/div>\n        \n\t\t\t\t\t\t\t\t<\/div>\n\t\t\t\t<\/div>\n\t\t\t\t\t<\/div>\n\t\t<\/div>\n\t\t\t\t\t<\/div>\n\t\t<\/section>\n\t\t\t\t<\/div>\n\t\t","protected":false},"excerpt":{"rendered":"<p>Cre\u00adation of a&nbsp;direc\u00adto\u00adry of world music pro\u00adfes\u00adsion\u00adals&nbsp;: \u201cSANS VISA 2.0\u201d. In order to improve coop\u00ader\u00ada\u00adtion between music pro\u00adfes\u00adsion\u00adals on the con\u00adti\u00adnent (and beyond), the work\u00ading group that brings togeth\u00ader Zone Franche mem\u00adbers on the African con\u00adti\u00adnent quick\u00adly iden\u00adti\u00adfied the need to iden\u00adti\u00adfy and locate the lat\u00adter. So the idea of cre\u00adat\u00ading a&nbsp;direc\u00adto\u00adry of African music [\u2026]<\/p>\n","protected":false},"author":1,"featured_media":0,"parent":3902,"menu_order":0,"comment_status":"closed","ping_status":"closed","template":"","meta":{"_acf_changed":false,"wp_typography_post_enhancements_disabled":false,"footnotes":""},"class_list":["post-34186","page","type-page","status-publish","hentry"],"acf":[],"_links":{"self":[{"href":"https:\/\/www.zonefranche.com\/en\/wp-json\/wp\/v2\/pages\/34186","targetHints":{"allow":["GET"]}}],"collection":[{"href":"https:\/\/www.zonefranche.com\/en\/wp-json\/wp\/v2\/pages"}],"about":[{"href":"https:\/\/www.zonefranche.com\/en\/wp-json\/wp\/v2\/types\/page"}],"author":[{"embeddable":true,"href":"https:\/\/www.zonefranche.com\/en\/wp-json\/wp\/v2\/users\/1"}],"replies":[{"embeddable":true,"href":"https:\/\/www.zonefranche.com\/en\/wp-json\/wp\/v2\/comments?post=34186"}],"version-history":[{"count":0,"href":"https:\/\/www.zonefranche.com\/en\/wp-json\/wp\/v2\/pages\/34186\/revisions"}],"up":[{"embeddable":true,"href":"https:\/\/www.zonefranche.com\/en\/wp-json\/wp\/v2\/pages\/3902"}],"wp:attachment":[{"href":"https:\/\/www.zonefranche.com\/en\/wp-json\/wp\/v2\/media?parent=34186"}],"curies":[{"name":"wp","href":"https:\/\/api.w.org\/{rel}","templated":true}]}}