{"id":3437,"date":"2023-12-19T15:31:17","date_gmt":"2023-12-19T14:31:17","guid":{"rendered":"https:\/\/jp3dvbcidl.preview.infomaniak.website\/les-etats-generaux-des-musiques-du-monde\/"},"modified":"2025-01-14T15:25:49","modified_gmt":"2025-01-14T14:25:49","slug":"les-etats-generaux-des-musiques-du-monde","status":"publish","type":"page","link":"https:\/\/www.zonefranche.com\/en\/our-actions\/les-etats-generaux-des-musiques-du-monde\/","title":{"rendered":"The Estates General of World Music"},"content":{"rendered":"\t\t<div data-elementor-type=\"wp-page\" data-elementor-id=\"3437\" class=\"elementor elementor-3437 elementor-2243\" data-elementor-post-type=\"page\">\n\t\t\t\t\t\t<section class=\"elementor-section elementor-top-section elementor-element elementor-element-72c8aaf elementor-section-height-min-height elementor-section-boxed elementor-section-height-default elementor-section-items-middle\" data-id=\"72c8aaf\" data-element_type=\"section\" data-e-type=\"section\" data-settings=\"{&quot;background_background&quot;:&quot;classic&quot;}\">\n\t\t\t\t\t\t<div class=\"elementor-container elementor-column-gap-default\">\n\t\t\t\t\t<div class=\"elementor-column elementor-col-100 elementor-top-column elementor-element elementor-element-ca2176d\" data-id=\"ca2176d\" data-element_type=\"column\" data-e-type=\"column\">\n\t\t\t<div class=\"elementor-widget-wrap elementor-element-populated\">\n\t\t\t\t\t\t<section class=\"elementor-section elementor-inner-section elementor-element elementor-element-7818258 elementor-section-boxed elementor-section-height-default elementor-section-height-default\" data-id=\"7818258\" data-element_type=\"section\" data-e-type=\"section\">\n\t\t\t\t\t\t<div class=\"elementor-container elementor-column-gap-default\">\n\t\t\t\t\t<div class=\"elementor-column elementor-col-100 elementor-inner-column elementor-element elementor-element-96668a4\" data-id=\"96668a4\" data-element_type=\"column\" data-e-type=\"column\" data-settings=\"{&quot;background_background&quot;:&quot;classic&quot;}\">\n\t\t\t<div class=\"elementor-widget-wrap elementor-element-populated\">\n\t\t\t\t\t\t<div class=\"elementor-element elementor-element-a89b988 elementor-widget elementor-widget-text-editor\" data-id=\"a89b988\" data-element_type=\"widget\" data-e-type=\"widget\" data-widget_type=\"text-editor.default\">\n\t\t\t\t<div class=\"elementor-widget-container\">\n\t\t\t\t\t\t\t\t\t<h1><strong>The Estates General  <\/strong><\/h1>\n<h1><strong>of World Music<\/strong><\/h1>\n\t\t\t\t\t\t\t\t<\/div>\n\t\t\t\t<\/div>\n\t\t\t\t\t<\/div>\n\t\t<\/div>\n\t\t\t\t\t<\/div>\n\t\t<\/section>\n\t\t\t\t\t<\/div>\n\t\t<\/div>\n\t\t\t\t\t<\/div>\n\t\t<\/section>\n\t\t\t\t<section class=\"elementor-section elementor-top-section elementor-element elementor-element-585b10a elementor-section-boxed elementor-section-height-default elementor-section-height-default\" data-id=\"585b10a\" data-element_type=\"section\" data-e-type=\"section\" data-settings=\"{&quot;background_background&quot;:&quot;classic&quot;}\">\n\t\t\t\t\t\t<div class=\"elementor-container elementor-column-gap-default\">\n\t\t\t\t\t<div class=\"elementor-column elementor-col-100 elementor-top-column elementor-element elementor-element-f34e0d7\" data-id=\"f34e0d7\" data-element_type=\"column\" data-e-type=\"column\">\n\t\t\t<div class=\"elementor-widget-wrap elementor-element-populated\">\n\t\t\t\t\t\t<section class=\"elementor-section elementor-inner-section elementor-element elementor-element-27eff6a elementor-section-boxed elementor-section-height-default elementor-section-height-default\" data-id=\"27eff6a\" data-element_type=\"section\" data-e-type=\"section\">\n\t\t\t\t\t\t<div class=\"elementor-container elementor-column-gap-default\">\n\t\t\t\t\t<div class=\"elementor-column elementor-col-100 elementor-inner-column elementor-element elementor-element-6a34b55\" data-id=\"6a34b55\" data-element_type=\"column\" data-e-type=\"column\" data-settings=\"{&quot;background_background&quot;:&quot;classic&quot;}\">\n\t\t\t<div class=\"elementor-widget-wrap elementor-element-populated\">\n\t\t\t\t\t\t<div class=\"elementor-element elementor-element-42e6c61 elementor-widget elementor-widget-text-editor\" data-id=\"42e6c61\" data-element_type=\"widget\" data-e-type=\"widget\" data-widget_type=\"text-editor.default\">\n\t\t\t\t<div class=\"elementor-widget-container\">\n\t\t\t\t\t\t\t\t\t<p>10 years ago, Zone Franche con\u00adclud\u00aded its last \u00c9tats G\u00e9n\u00e9raux after three bien\u00adni\u00adal meet\u00adings in 2009 (at Sci\u00adences Po Paris), 2011 (at the Cit\u00e9 Nationale de l\u2019His\u00adtoire de l\u2019Im\u00admi\u00adgra\u00adtion) and 2013 (at the Vil\u00adla M\u00e9diter\u00adran\u00e9e in Mar\u00adseille). These high points mobi\u00adlized insti\u00adtu\u00adtions, actors, pro\u00adfes\u00adsion\u00adals, etc., from all over the world.<\/p><p><br><\/p>\n<p>In the space of 10 years, the effects of glob\u00adal\u00adiza\u00adtion have increased, as have the rise of iden\u00adti\u00adty and nation\u00adal\u00adism, the cli\u00admate cri\u00adsis has become an emer\u00adgency, geopo\u00adlit\u00adi\u00adcal bal\u00adances have shift\u00aded dra\u00admat\u00adi\u00adcal\u00adly, and pop\u00adu\u00adla\u00adtion move\u00adments are call\u00ading into ques\u00adtion the abil\u00adi\u00adty of coun\u00adtries to wel\u00adcome with dig\u00adni\u00adty \u201cthe oth\u00ader\u201d, with their cul\u00adture and the rights inher\u00adent in their human\u00adi\u00adty. It\u2019s high time, there\u00adfore, to bring about an aggior\u00adna\u00admen\u00adto of the think\u00ading of the time, to the real\u00adi\u00adties of the world, and there\u00adfore of World Music, today.<\/p>\t\t\t\t\t\t\t\t<\/div>\n\t\t\t\t<\/div>\n\t\t\t\t\t<\/div>\n\t\t<\/div>\n\t\t\t\t\t<\/div>\n\t\t<\/section>\n\t\t\t\t<section class=\"elementor-section elementor-inner-section elementor-element elementor-element-d7f84a2 elementor-section-boxed elementor-section-height-default elementor-section-height-default\" data-id=\"d7f84a2\" data-element_type=\"section\" data-e-type=\"section\">\n\t\t\t\t\t\t<div class=\"elementor-container elementor-column-gap-default\">\n\t\t\t\t\t<div class=\"elementor-column elementor-col-50 elementor-inner-column elementor-element elementor-element-ebad533\" data-id=\"ebad533\" data-element_type=\"column\" data-e-type=\"column\" data-settings=\"{&quot;background_background&quot;:&quot;classic&quot;}\">\n\t\t\t<div class=\"elementor-widget-wrap elementor-element-populated\">\n\t\t\t\t\t\t<div class=\"elementor-element elementor-element-5d0fbec elementor-widget elementor-widget-text-editor\" data-id=\"5d0fbec\" data-element_type=\"widget\" data-e-type=\"widget\" data-widget_type=\"text-editor.default\">\n\t\t\t\t<div class=\"elementor-widget-container\">\n\t\t\t\t\t\t\t\t\t<p>The \u00c9tats G\u00e9n\u00e9raux des Musiques du Monde will take place in France and Ger\u00admany over a&nbsp;peri\u00adod from 2023 to 2026. Tak\u00ading stock of devel\u00adop\u00adments over the past 10 years, we\u2019ll look at the new chal\u00adlenges fac\u00ading us today and in the future.<\/p>\n\t\t\t\t\t\t\t\t<\/div>\n\t\t\t\t<\/div>\n\t\t\t\t\t<\/div>\n\t\t<\/div>\n\t\t\t\t<div class=\"elementor-column elementor-col-50 elementor-inner-column elementor-element elementor-element-6232eda\" data-id=\"6232eda\" data-element_type=\"column\" data-e-type=\"column\" data-settings=\"{&quot;background_background&quot;:&quot;classic&quot;}\">\n\t\t\t<div class=\"elementor-widget-wrap elementor-element-populated\">\n\t\t\t\t\t\t<div class=\"elementor-element elementor-element-47722f3 elementor-widget elementor-widget-image\" data-id=\"47722f3\" data-element_type=\"widget\" data-e-type=\"widget\" data-widget_type=\"image.default\">\n\t\t\t\t<div class=\"elementor-widget-container\">\n\t\t\t\t\t\t\t\t\t\t\t\t\t\t\t<img fetchpriority=\"high\" decoding=\"async\" width=\"800\" height=\"600\" src=\"https:\/\/www.zonefranche.com\/wp-content\/uploads\/2024\/03\/53212427383_5b3fa51ca1_o-1024x768.jpg\" class=\"attachment-large size-large wp-image-10552\" alt srcset=\"https:\/\/www.zonefranche.com\/wp-content\/uploads\/2024\/03\/53212427383_5b3fa51ca1_o-1024x768.jpg 1024w, https:\/\/www.zonefranche.com\/wp-content\/uploads\/2024\/03\/53212427383_5b3fa51ca1_o-300x225.jpg 300w, https:\/\/www.zonefranche.com\/wp-content\/uploads\/2024\/03\/53212427383_5b3fa51ca1_o-768x576.jpg 768w, https:\/\/www.zonefranche.com\/wp-content\/uploads\/2024\/03\/53212427383_5b3fa51ca1_o-1536x1152.jpg 1536w, https:\/\/www.zonefranche.com\/wp-content\/uploads\/2024\/03\/53212427383_5b3fa51ca1_o-2048x1536.jpg 2048w\" sizes=\"(max-width: 800px) 100vw, 800px\">\t\t\t\t\t\t\t\t\t\t\t\t\t\t\t<\/div>\n\t\t\t\t<\/div>\n\t\t\t\t\t<\/div>\n\t\t<\/div>\n\t\t\t\t\t<\/div>\n\t\t<\/section>\n\t\t\t\t<section class=\"elementor-section elementor-inner-section elementor-element elementor-element-56ecefa elementor-section-boxed elementor-section-height-default elementor-section-height-default\" data-id=\"56ecefa\" data-element_type=\"section\" data-e-type=\"section\">\n\t\t\t\t\t\t<div class=\"elementor-container elementor-column-gap-default\">\n\t\t\t\t\t<div class=\"elementor-column elementor-col-100 elementor-inner-column elementor-element elementor-element-6ebdd8c\" data-id=\"6ebdd8c\" data-element_type=\"column\" data-e-type=\"column\" data-settings=\"{&quot;background_background&quot;:&quot;classic&quot;}\">\n\t\t\t<div class=\"elementor-widget-wrap elementor-element-populated\">\n\t\t\t\t\t\t<div class=\"elementor-element elementor-element-d8403a2 elementor-widget elementor-widget-text-editor\" data-id=\"d8403a2\" data-element_type=\"widget\" data-e-type=\"widget\" data-widget_type=\"text-editor.default\">\n\t\t\t\t<div class=\"elementor-widget-container\">\n\t\t\t\t\t\t\t\t\t<h2 style=\"text-align: center;\"><b>PROGRAM 2023 \u2014 2026<\/b><\/h2>\n<p>When we talk about World Music, we\u2019re talk\u00ading about the world\u2019s cul\u00adtures, about our\u00adselves and about oth\u00aders. It means debat\u00ading inter\u00adcul\u00adtur\u00adal and inter-iden\u00adti\u00adty exchanges and rela\u00adtion\u00adships. It\u2019s about cher\u00adish\u00ading dif\u00adfer\u00adence against stan\u00addard\u00adiza\u00adtion. It means choos\u00ading open\u00adness over with\u00addraw\u00adal. It\u2019s a&nbsp;way of talk\u00ading about arts and cul\u00adtures out\u00adside the log\u00adic of the mar\u00adket. It\u2019s about ques\u00adtion\u00ading the rela\u00adtion\u00adship between music and soci\u00adety, and the polit\u00adi\u00adcal and eco\u00adnom\u00adic pow\u00ader it wields, so much so that it shapes iden\u00adti\u00adties and imag\u00adi\u00adna\u00adtions. These ques\u00adtions, and many oth\u00aders, will be the focus of the many pro\u00adfes\u00adsion\u00adal meet\u00adings, both nation\u00adal and inter\u00adna\u00adtion\u00adal, orga\u00adnized around 4&nbsp;main themes (one per year) and an inter\u00adna\u00adtion\u00adal meet\u00ading in Ger\u00admany.<\/p>\n<h3><b>2023 (FRANCE)<br><\/b><b>GEOPOLITICS AND MUSIC<\/b><\/h3>\n<p>\u25cf Cul\u00adtur\u00adal coop\u00ader\u00ada\u00adtion (French, Euro\u00adpean, inter\u00adna\u00adtion\u00adal): between sup\u00adport and real exchanges with local play\u00aders, or soft pow\u00ader and artis\u00adtic and eco\u00adnom\u00adic cul\u00adtur\u00adal stan\u00addard\u00adiza\u00adtion&nbsp;;<br>\u25cf What place for World Music in a&nbsp;mul\u00adti\u00adpo\u00adlar world of diverse ten\u00adsions&nbsp;?<br>\u25cf Decol\u00ado\u00adniza\u00adtion dynam\u00adics and the return of works&nbsp;: what about intan\u00adgi\u00adble cul\u00adtur\u00adal her\u00aditage and music?;<br>\u25cf Music and (im-)migrations&nbsp;: influ\u00adences and con\u00adflu\u00adences of migra\u00adtions on musi\u00adcal, social and cul\u00adtur\u00adal syn\u00adcretisms.<\/p>\n<h3><b>2024 (FRANCE): <br>MUSIC(S) AND CULTURE(S) AT THE HEART OF GLOBALIZATION AND MARKET LOGIC<\/b><\/h3>\n<p>\u25cf Can cul\u00adture be viewed through the prism of the Cul\u00adtur\u00adal and Cre\u00adative Indus\u00adtries (CCI) ;<br>\u25cf The phe\u00adnom\u00ade\u00adna of con\u00adcen\u00adtra\u00adtion linked to glob\u00adal\u00adiza\u00adtion and their con\u00adse\u00adquences in music, the media, soci\u00adety,\u2026 ;<\/p>\n<p>\u25cf What is the role of pub\u00adlic cul\u00adtur\u00adal poli\u00adcies, par\u00adtic\u00adu\u00adlar\u00adly in the field of music, in the face of eco\u00adnom\u00adic imper\u00ada\u00adtives and Euro\u00adpean dic\u00adtates&nbsp;? ?<\/p>\n<h3><b>2025 (GERMANY):<br>UNION DES ACTEURS EUROPEENS DES MUSIQUES DU MONDE<\/b><\/h3>\n<p>\u25cf Regards crois\u00e9s sur la coop\u00e9ra\u00adtion cul\u00adturelle fran\u00adco-alle\u00admande autour des Musiques du Monde&nbsp;;<br>\u25cf Ren\u00adcon\u00adtres des phil\u00adhar\u00admonies et autres lieux de musique clas\u00adsique europ\u00e9ens pro\u00adgram\u00admant des Musiques du Monde&nbsp;;<br>\u25cf Col\u00adlab\u00ado\u00adra\u00adtive day with Euro\u00adpean net\u00adworks to build a&nbsp;man\u00adi\u00adfesto in favor of World Music (exam\u00adples of invit\u00aded net\u00adworks&nbsp;: Zone Franche, FAMDT, EFN, Euro\u00adpean Music Coun\u00adcil, Forum of World\u00adwide Music Fes\u00adti\u00adval, Rete Ital\u00adiana World Music, Bel\u00adgium World\u00adwide Music, Hangve\u00adto, etc.).<\/p>\n<h3><b>2025 (FRANCE): <br>PEOPLES AND CULTURES<\/b><\/h3>\n<p>\u25cf Musi\u00adcians from here and else\u00adwhere&nbsp;: pop\u00adu\u00adlar music and the dias\u00adpo\u00adra&nbsp;;<br>\u25cf Ethics and aes\u00adthet\u00adics of the insti\u00adtu\u00adtion\u00adal\u00adiza\u00adtion of music&nbsp;;<br>\u25cf Cul\u00adtur\u00adal rights&nbsp;: how to work with them, rein\u00advent them and inter\u00adna\u00adtion\u00adal\u00adize them&nbsp;?<br>\u25cf Trans\u00admis\u00adsion, the chal\u00adlenge of safe\u00adguard\u00ading musi\u00adcal diver\u00adsi\u00adty.<\/p>\n<h3><b>2026 (FRANCE): <br>WORLD MUSIC &amp;&nbsp;ETHNO-FUTURISM<\/b><\/h3>\n<p>\u25cf Prin\u00adci\u00adples and val\u00adues of eth\u00adno-futur\u00adism&nbsp;;<br>\u25cf Fragili\u00adty of pop\u00adu\u00adlar cul\u00adtures&nbsp;: faced with dis\u00adap\u00adpear\u00ading music, a&nbsp;sav\u00ading eth\u00adno-futur\u00adism&nbsp;?<br>\u25cf Youth and dynamism of urban music of her\u00aditage essence&nbsp;;<br>\u25cf For a&nbsp;decol\u00ado\u00adniza\u00adtion of dig\u00adi\u00adtal plat\u00adforms&nbsp;: will AI find its her\u00aditage roots&nbsp;?<\/p>\n\t\t\t\t\t\t\t\t<\/div>\n\t\t\t\t<\/div>\n\t\t\t\t\t<\/div>\n\t\t<\/div>\n\t\t\t\t\t<\/div>\n\t\t<\/section>\n\t\t\t\t\t<\/div>\n\t\t<\/div>\n\t\t\t\t\t<\/div>\n\t\t<\/section>\n\t\t\t\t<\/div>\n\t\t","protected":false},"excerpt":{"rendered":"<p>The Estates Gen\u00ader\u00adal of World Music 10 years ago, Zone Franche con\u00adclud\u00aded its last \u00c9tats G\u00e9n\u00e9raux after three bien\u00adni\u00adal meet\u00adings in 2009 (at Sci\u00adences Po Paris), 2011 (at the Cit\u00e9 Nationale de l\u2019His\u00adtoire de l\u2019Im\u00admi\u00adgra\u00adtion) and 2013 (at the Vil\u00adla M\u00e9diter\u00adran\u00e9e in Mar\u00adseille). These high points mobi\u00adlized insti\u00adtu\u00adtions, actors, pro\u00adfes\u00adsion\u00adals, etc., from all over the [\u2026]<\/p>\n","protected":false},"author":1,"featured_media":0,"parent":3418,"menu_order":0,"comment_status":"closed","ping_status":"closed","template":"","meta":{"_acf_changed":false,"wp_typography_post_enhancements_disabled":false,"footnotes":""},"class_list":["post-3437","page","type-page","status-publish","hentry"],"acf":[],"_links":{"self":[{"href":"https:\/\/www.zonefranche.com\/en\/wp-json\/wp\/v2\/pages\/3437","targetHints":{"allow":["GET"]}}],"collection":[{"href":"https:\/\/www.zonefranche.com\/en\/wp-json\/wp\/v2\/pages"}],"about":[{"href":"https:\/\/www.zonefranche.com\/en\/wp-json\/wp\/v2\/types\/page"}],"author":[{"embeddable":true,"href":"https:\/\/www.zonefranche.com\/en\/wp-json\/wp\/v2\/users\/1"}],"replies":[{"embeddable":true,"href":"https:\/\/www.zonefranche.com\/en\/wp-json\/wp\/v2\/comments?post=3437"}],"version-history":[{"count":0,"href":"https:\/\/www.zonefranche.com\/en\/wp-json\/wp\/v2\/pages\/3437\/revisions"}],"up":[{"embeddable":true,"href":"https:\/\/www.zonefranche.com\/en\/wp-json\/wp\/v2\/pages\/3418"}],"wp:attachment":[{"href":"https:\/\/www.zonefranche.com\/en\/wp-json\/wp\/v2\/media?parent=3437"}],"curies":[{"name":"wp","href":"https:\/\/api.w.org\/{rel}","templated":true}]}}