{"id":3452,"date":"2023-08-31T13:09:08","date_gmt":"2023-08-31T11:09:08","guid":{"rendered":"https:\/\/jp3dvbcidl.preview.infomaniak.website\/resources\/"},"modified":"2024-02-16T10:46:25","modified_gmt":"2024-02-16T09:46:25","slug":"resources","status":"publish","type":"page","link":"https:\/\/www.zonefranche.com\/en\/resources\/","title":{"rendered":"Resources"},"content":{"rendered":"\t\t<div data-elementor-type=\"wp-page\" data-elementor-id=\"3452\" class=\"elementor elementor-3452 elementor-22\" data-elementor-post-type=\"page\">\n\t\t\t\t\t\t<section class=\"elementor-section elementor-top-section elementor-element elementor-element-42a6de6 elementor-section-boxed elementor-section-height-default elementor-section-height-default\" data-id=\"42a6de6\" data-element_type=\"section\" data-e-type=\"section\" data-settings=\"{&quot;background_background&quot;:&quot;classic&quot;}\">\n\t\t\t\t\t\t<div class=\"elementor-container elementor-column-gap-default\">\n\t\t\t\t\t<div class=\"elementor-column elementor-col-100 elementor-top-column elementor-element elementor-element-a3fb4d0\" data-id=\"a3fb4d0\" data-element_type=\"column\" data-e-type=\"column\">\n\t\t\t<div class=\"elementor-widget-wrap elementor-element-populated\">\n\t\t\t\t\t\t<section class=\"elementor-section elementor-inner-section elementor-element elementor-element-dee0b54 elementor-section-boxed elementor-section-height-default elementor-section-height-default\" data-id=\"dee0b54\" data-element_type=\"section\" data-e-type=\"section\">\n\t\t\t\t\t\t<div class=\"elementor-container elementor-column-gap-default\">\n\t\t\t\t\t<div class=\"elementor-column elementor-col-100 elementor-inner-column elementor-element elementor-element-e4a4705\" data-id=\"e4a4705\" data-element_type=\"column\" data-e-type=\"column\" data-settings=\"{&quot;background_background&quot;:&quot;classic&quot;}\">\n\t\t\t<div class=\"elementor-widget-wrap elementor-element-populated\">\n\t\t\t\t\t\t<div class=\"elementor-element elementor-element-68c2c1d elementor-widget elementor-widget-text-editor\" data-id=\"68c2c1d\" data-element_type=\"widget\" data-e-type=\"widget\" data-widget_type=\"text-editor.default\">\n\t\t\t\t<div class=\"elementor-widget-container\">\n\t\t\t\t\t\t\t\t\t<h2><strong><span style=\"color: #877db4;\">Resources<\/span><\/strong><\/h2>\n\t\t\t\t\t\t\t\t<\/div>\n\t\t\t\t<\/div>\n\t\t\t\t<div class=\"elementor-element elementor-element-74f4e75 ressources elementor-widget elementor-widget-accordion\" data-id=\"74f4e75\" data-element_type=\"widget\" data-e-type=\"widget\" data-widget_type=\"accordion.default\">\n\t\t\t\t<div class=\"elementor-widget-container\">\n\t\t\t\t\t\t\t<div class=\"elementor-accordion\">\n\t\t\t\t\t\t\t<div class=\"elementor-accordion-item\">\n\t\t\t\t\t<div id=\"elementor-tab-title-1221\" class=\"elementor-tab-title\" data-tab=\"1\" role=\"button\" aria-controls=\"elementor-tab-content-1221\" aria-expanded=\"false\">\n\t\t\t\t\t\t\t\t\t\t\t\t\t<span class=\"elementor-accordion-icon elementor-accordion-icon-right\" aria-hidden=\"true\">\n\t\t\t\t\t\t\t\t\t\t\t\t\t\t\t<span class=\"elementor-accordion-icon-closed\"><i class=\"fas fa-plus-circle\"><\/i><\/span>\n\t\t\t\t\t\t\t\t<span class=\"elementor-accordion-icon-opened\"><i class=\"fas fa-minus-circle\"><\/i><\/span>\n\t\t\t\t\t\t\t\t\t\t\t\t\t\t<\/span>\n\t\t\t\t\t\t\t\t\t\t\t\t<a class=\"elementor-accordion-title\" tabindex=\"0\">  Les \u00c9tats G\u00e9n\u00e9raux des Musiques du Monde<\/a>\n\t\t\t\t\t<\/div>\n\t\t\t\t\t<div id=\"elementor-tab-content-1221\" class=\"elementor-tab-content elementor-clearfix\" data-tab=\"1\" role=\"region\" aria-labelledby=\"elementor-tab-title-1221\"><ul>\n<li><a href=\"https:\/\/www.zonefranche.com\/wp-content\/uploads\/2024\/01\/2013-Etats-Generaux-Premiere-Edition-Troisieme-Volet-.pdf\">2013 \u2014 \u00c9tats G\u00e9n\u00e9raux \u2014 First Edi\u00adtion \u2014 Third Part<\/a><\/li>\n<li><a href=\"https:\/\/www.zonefranche.com\/wp-content\/uploads\/2024\/01\/2011-Etats-Generaux-Premiere-Edition-Deuxieme-Volet-.pdf\">2011 \u2014 \u00c9tats G\u00e9n\u00e9raux \u2014 First Edi\u00adtion \u2014 Sec\u00adond Part<\/a><\/li>\n<li><a href=\"https:\/\/www.zonefranche.com\/wp-content\/uploads\/2024\/01\/2009-Etats-Generaux-Premiere-Edition-Premier-Volet.pdf\">2009 \u2014 \u00c9tats G\u00e9n\u00e9raux \u2014 First Edi\u00adtion \u2014 Part One<\/a><\/li>\n<\/ul>\n<\/div>\n\t\t\t\t<\/div>\n\t\t\t\t\t\t\t<div class=\"elementor-accordion-item\">\n\t\t\t\t\t<div id=\"elementor-tab-title-1222\" class=\"elementor-tab-title\" data-tab=\"2\" role=\"button\" aria-controls=\"elementor-tab-content-1222\" aria-expanded=\"false\">\n\t\t\t\t\t\t\t\t\t\t\t\t\t<span class=\"elementor-accordion-icon elementor-accordion-icon-right\" aria-hidden=\"true\">\n\t\t\t\t\t\t\t\t\t\t\t\t\t\t\t<span class=\"elementor-accordion-icon-closed\"><i class=\"fas fa-plus-circle\"><\/i><\/span>\n\t\t\t\t\t\t\t\t<span class=\"elementor-accordion-icon-opened\"><i class=\"fas fa-minus-circle\"><\/i><\/span>\n\t\t\t\t\t\t\t\t\t\t\t\t\t\t<\/span>\n\t\t\t\t\t\t\t\t\t\t\t\t<a class=\"elementor-accordion-title\" tabindex=\"0\">Ren\u00adcon\u00adtres \u00a1Franche\u00adment&nbsp;! and oth\u00ader pro\u00adfes\u00adsion\u00adal issues<\/a>\n\t\t\t\t\t<\/div>\n\t\t\t\t\t<div id=\"elementor-tab-content-1222\" class=\"elementor-tab-content elementor-clearfix\" data-tab=\"2\" role=\"region\" aria-labelledby=\"elementor-tab-title-1222\"><ul>\n<li><a href=\"https:\/\/www.zonefranche.com\/wp-content\/uploads\/2024\/01\/2022-Syntheses-%C2%A1Franchement-2.pdf\">2022 \u2014 Syn\u00adthe\u00adsis \u00a1Franche\u00adment&nbsp;! #2<\/a><\/li>\n<li><a href=\"https:\/\/www.zonefranche.com\/wp-content\/uploads\/2024\/01\/2021-Syntheses-%C2%A1Franchement-1.pdf\">2021 \u2014 Syn\u00adthe\u00adsis \u00a1Franche\u00adment&nbsp;! #1<\/a><\/li>\n<\/ul>\n<\/div>\n\t\t\t\t<\/div>\n\t\t\t\t\t\t\t<div class=\"elementor-accordion-item\">\n\t\t\t\t\t<div id=\"elementor-tab-title-1223\" class=\"elementor-tab-title\" data-tab=\"3\" role=\"button\" aria-controls=\"elementor-tab-content-1223\" aria-expanded=\"false\">\n\t\t\t\t\t\t\t\t\t\t\t\t\t<span class=\"elementor-accordion-icon elementor-accordion-icon-right\" aria-hidden=\"true\">\n\t\t\t\t\t\t\t\t\t\t\t\t\t\t\t<span class=\"elementor-accordion-icon-closed\"><i class=\"fas fa-plus-circle\"><\/i><\/span>\n\t\t\t\t\t\t\t\t<span class=\"elementor-accordion-icon-opened\"><i class=\"fas fa-minus-circle\"><\/i><\/span>\n\t\t\t\t\t\t\t\t\t\t\t\t\t\t<\/span>\n\t\t\t\t\t\t\t\t\t\t\t\t<a class=\"elementor-accordion-title\" tabindex=\"0\">Cul\u00adtur\u00adal and Musi\u00adcal Diver\u00adsi\u00adty<\/a>\n\t\t\t\t\t<\/div>\n\t\t\t\t\t<div id=\"elementor-tab-content-1223\" class=\"elementor-tab-content elementor-clearfix\" data-tab=\"3\" role=\"region\" aria-labelledby=\"elementor-tab-title-1223\"><ul>\n<li><a href=\"https:\/\/www.zonefranche.com\/wp-content\/uploads\/2024\/01\/2023-Libre-circulation-des-artistes-_-de-la-theorie-a-la-realite.pdf\">2023 \u2014 Free move\u00adment of artists&nbsp;: from the\u00ado\u00adry to real\u00adi\u00adty<\/a><\/li>\n<li><a href=\"https:\/\/www.zonefranche.com\/wp-content\/uploads\/2024\/01\/2022-%E2%80%93-Guide-pratique-des-Visas.pdf\">2022 \u2014 Prac\u00adti\u00adcal visa guide<\/a><\/li>\n<li><a href=\"https:\/\/www.zonefranche.com\/wp-content\/uploads\/2024\/01\/2022-Rencontre-Reseau-_-Diversite-avec-la-FAMDT.pdf\">2022 \u2014 Net\u00adwork meet\u00ading \u2014 Diver\u00adsi\u00adty advo\u00adca\u00adcy with FAMDT<\/a><\/li>\n<\/ul>\n<\/div>\n\t\t\t\t<\/div>\n\t\t\t\t\t\t\t<div class=\"elementor-accordion-item\">\n\t\t\t\t\t<div id=\"elementor-tab-title-1224\" class=\"elementor-tab-title\" data-tab=\"4\" role=\"button\" aria-controls=\"elementor-tab-content-1224\" aria-expanded=\"false\">\n\t\t\t\t\t\t\t\t\t\t\t\t\t<span class=\"elementor-accordion-icon elementor-accordion-icon-right\" aria-hidden=\"true\">\n\t\t\t\t\t\t\t\t\t\t\t\t\t\t\t<span class=\"elementor-accordion-icon-closed\"><i class=\"fas fa-plus-circle\"><\/i><\/span>\n\t\t\t\t\t\t\t\t<span class=\"elementor-accordion-icon-opened\"><i class=\"fas fa-minus-circle\"><\/i><\/span>\n\t\t\t\t\t\t\t\t\t\t\t\t\t\t<\/span>\n\t\t\t\t\t\t\t\t\t\t\t\t<a class=\"elementor-accordion-title\" tabindex=\"0\">Eco-respon\u00adsi\u00adbil\u00adi\u00adty<\/a>\n\t\t\t\t\t<\/div>\n\t\t\t\t\t<div id=\"elementor-tab-content-1224\" class=\"elementor-tab-content elementor-clearfix\" data-tab=\"4\" role=\"region\" aria-labelledby=\"elementor-tab-title-1224\"><ul>\n<li><a href=\"https:\/\/www.zonefranche.com\/wp-content\/uploads\/2024\/01\/2022-Plaidoyer-de-la-mini-Convention-Climat-%E2%80%93-Version-EN.pdf\">2022 \u2014 Advo\u00adca\u00adcy of the (mini) Cli\u00admate Con\u00adven\u00adtion \u2014 EN ver\u00adsion<\/a><\/li>\n<li><a href=\"https:\/\/www.zonefranche.com\/wp-content\/uploads\/2024\/01\/2022-Plaidoyer-de-la-mini-Convention-Climat-%E2%80%93-Version-FR.pdf\">2022 \u2014 Advo\u00adca\u00adcy for the (mini) Cli\u00admate Con\u00adven\u00adtion \u2014 Ver\u00adsion FR<\/a><\/li>\n<li><a href=\"https:\/\/www.zonefranche.com\/wp-content\/uploads\/2024\/01\/2022-Rapport-de-la-mini-Convention-Climat.pdf\">2022 \u2014 Report on the (mini) Cli\u00admate Con\u00adven\u00adtion<\/a><\/li>\n<li><a href=\"https:\/\/www.zonefranche.com\/wp-content\/uploads\/2024\/01\/2021-Lancement-de-la-mini-Convention-Climat.pdf\">2021 \u2014 Launch of the (mini) Cli\u00admate Con\u00adven\u00adtion<\/a><\/li>\n<li><a href=\"https:\/\/www.zonefranche.com\/wp-content\/uploads\/2024\/01\/2020-Rencontre-Reseau-_-Leco-responsabilite-dans-les-Musiques-du-Monde.pdf\">2020 Ren\u00adcon\u00adtre R\u00e9seau _&nbsp;Eco-respon\u00adsi\u00adbil\u00adi\u00adty in World Music<\/a><\/li>\n<\/ul>\n<\/div>\n\t\t\t\t<\/div>\n\t\t\t\t\t\t\t<div class=\"elementor-accordion-item\">\n\t\t\t\t\t<div id=\"elementor-tab-title-1225\" class=\"elementor-tab-title\" data-tab=\"5\" role=\"button\" aria-controls=\"elementor-tab-content-1225\" aria-expanded=\"false\">\n\t\t\t\t\t\t\t\t\t\t\t\t\t<span class=\"elementor-accordion-icon elementor-accordion-icon-right\" aria-hidden=\"true\">\n\t\t\t\t\t\t\t\t\t\t\t\t\t\t\t<span class=\"elementor-accordion-icon-closed\"><i class=\"fas fa-plus-circle\"><\/i><\/span>\n\t\t\t\t\t\t\t\t<span class=\"elementor-accordion-icon-opened\"><i class=\"fas fa-minus-circle\"><\/i><\/span>\n\t\t\t\t\t\t\t\t\t\t\t\t\t\t<\/span>\n\t\t\t\t\t\t\t\t\t\t\t\t<a class=\"elementor-accordion-title\" tabindex=\"0\">Gen\u00adder equal\u00adi\u00adty<\/a>\n\t\t\t\t\t<\/div>\n\t\t\t\t\t<div id=\"elementor-tab-content-1225\" class=\"elementor-tab-content elementor-clearfix\" data-tab=\"5\" role=\"region\" aria-labelledby=\"elementor-tab-title-1225\"><ul>\n<li><a href=\"https:\/\/www.zonefranche.com\/wp-content\/uploads\/2024\/01\/2022-Fiches-pratiques-prevention-des-VSS-dans-les-metiers-de-la-musique.pdf\">2022 \u2014 VSS pre\u00adven\u00adtion fact sheets for the music indus\u00adtry<\/a><\/li>\n<li><a href=\"https:\/\/www.zonefranche.com\/wp-content\/uploads\/2024\/01\/2021-Guide-de-prevention-des-violences-sexistes-et-sexuelles.pdf\">2021 \u2014 Guide to pre\u00advent\u00ading sex\u00adist and sex\u00adu\u00adal vio\u00adlence<\/a><\/li>\n<li><a href=\"https:\/\/www.zonefranche.com\/wp-content\/uploads\/2024\/01\/2020-Cellule-decoute-Audience.pdf\">2020 \u2014 Lis\u00adten\u00ading unit Audi\u00adence<\/a><\/li>\n<li><a href=\"https:\/\/www.zonefranche.com\/wp-content\/uploads\/2024\/01\/2020-Guide-employeur.es-_-harcelement-sexuel-au-travail.pdf\">2020 \u2014 Guide for employ\u00aders _&nbsp;sex\u00adu\u00adal harass\u00adment in the work\u00adplace<\/a><\/li>\n<li><a href=\"https:\/\/www.zonefranche.com\/wp-content\/uploads\/2024\/01\/2020-Livret-de-formation-_-harcelement-sexuel-au-travail.pdf\">2020 \u2014 Train\u00ading book\u00adlet _&nbsp;sex\u00adu\u00adal harass\u00adment in the work\u00adplace<\/a><\/li>\n<li><a href=\"https:\/\/www.zonefranche.com\/wp-content\/uploads\/2024\/01\/2019-Rencontre-Reseau-Focus-Femmes-_-Hommes.pdf\">2019 \u2014 Women _&nbsp;Men Focus Net\u00adwork Meet\u00ading<\/a><\/li>\n<\/ul>\n<\/div>\n\t\t\t\t<\/div>\n\t\t\t\t\t\t\t<div class=\"elementor-accordion-item\">\n\t\t\t\t\t<div id=\"elementor-tab-title-1226\" class=\"elementor-tab-title\" data-tab=\"6\" role=\"button\" aria-controls=\"elementor-tab-content-1226\" aria-expanded=\"false\">\n\t\t\t\t\t\t\t\t\t\t\t\t\t<span class=\"elementor-accordion-icon elementor-accordion-icon-right\" aria-hidden=\"true\">\n\t\t\t\t\t\t\t\t\t\t\t\t\t\t\t<span class=\"elementor-accordion-icon-closed\"><i class=\"fas fa-plus-circle\"><\/i><\/span>\n\t\t\t\t\t\t\t\t<span class=\"elementor-accordion-icon-opened\"><i class=\"fas fa-minus-circle\"><\/i><\/span>\n\t\t\t\t\t\t\t\t\t\t\t\t\t\t<\/span>\n\t\t\t\t\t\t\t\t\t\t\t\t<a class=\"elementor-accordion-title\" tabindex=\"0\">#Aux\u00adSons<\/a>\n\t\t\t\t\t<\/div>\n\t\t\t\t\t<div id=\"elementor-tab-content-1226\" class=\"elementor-tab-content elementor-clearfix\" data-tab=\"6\" role=\"region\" aria-labelledby=\"elementor-tab-title-1226\"><ul>\n<li><a href=\"https:\/\/www.zonefranche.com\/wp-content\/uploads\/2024\/01\/2022-Cahier-AuxSons-3.pdf\">2022 \u2014 Cahi\u00ader #Aux\u00adSons #3<\/a><\/li>\n<li><a href=\"https:\/\/www.zonefranche.com\/wp-content\/uploads\/2024\/01\/2021-Cahier-AuxSons-2.pdf\">2021 \u2014 Cahi\u00ader #Aux\u00adSons #2<\/a><\/li>\n<li><a href=\"https:\/\/www.zonefranche.com\/wp-content\/uploads\/2024\/01\/2020-Cahier-AuxSons-1.pdf\">2020 \u2014 Cahi\u00ader #Aux\u00adSons #1<\/a><\/li>\n<\/ul>\n<\/div>\n\t\t\t\t<\/div>\n\t\t\t\t\t\t\t<div class=\"elementor-accordion-item\">\n\t\t\t\t\t<div id=\"elementor-tab-title-1227\" class=\"elementor-tab-title\" data-tab=\"7\" role=\"button\" aria-controls=\"elementor-tab-content-1227\" aria-expanded=\"false\">\n\t\t\t\t\t\t\t\t\t\t\t\t\t<span class=\"elementor-accordion-icon elementor-accordion-icon-right\" aria-hidden=\"true\">\n\t\t\t\t\t\t\t\t\t\t\t\t\t\t\t<span class=\"elementor-accordion-icon-closed\"><i class=\"fas fa-plus-circle\"><\/i><\/span>\n\t\t\t\t\t\t\t\t<span class=\"elementor-accordion-icon-opened\"><i class=\"fas fa-minus-circle\"><\/i><\/span>\n\t\t\t\t\t\t\t\t\t\t\t\t\t\t<\/span>\n\t\t\t\t\t\t\t\t\t\t\t\t<a class=\"elementor-accordion-title\" tabindex=\"0\">Key doc\u00adu\u00adments \/ Legal cor\u00adpus<\/a>\n\t\t\t\t\t<\/div>\n\t\t\t\t\t<div id=\"elementor-tab-content-1227\" class=\"elementor-tab-content elementor-clearfix\" data-tab=\"7\" role=\"region\" aria-labelledby=\"elementor-tab-title-1227\"><ul>\n<li><a href=\"https:\/\/www.zonefranche.com\/wp-content\/uploads\/2024\/01\/2007-Declaration-de-Fribourg.pdf\">2007 \u2014 Freiburg Dec\u00adla\u00adra\u00adtion<\/a><\/li>\n<li><a href=\"https:\/\/www.zonefranche.com\/wp-content\/uploads\/2024\/01\/2005-Convention-sur-la-protection-et-la-promotion-de-la-diversite-des-expressions-culturelles.pdf\">2005 \u2014 UNESCO Con\u00adven\u00adtion on the Pro\u00adtec\u00adtion and Pro\u00admo\u00adtion of the Diver\u00adsi\u00adty of Cul\u00adtur\u00adal Expres\u00adsions<\/a><\/li>\n<li><a href=\"https:\/\/www.zonefranche.com\/wp-content\/uploads\/2024\/01\/2003-Convention-pour-la-sauvegarde-du-patrimoine-culturel-immateriel.pdf\">2003 \u2014 Con\u00adven\u00adtion for the Safe\u00adguard\u00ading of the Intan\u00adgi\u00adble Cul\u00adtur\u00adal Her\u00aditage (ICH)<\/a><\/li>\n<li><a href=\"https:\/\/www.zonefranche.com\/wp-content\/uploads\/2024\/01\/2001-Declaration-universelle-de-l_UNESCO-sur-la-diversite-culturelle.pdf\">2001 \u2014 UNESCO Uni\u00adver\u00adsal Dec\u00adla\u00adra\u00adtion on Cul\u00adtur\u00adal Diver\u00adsi\u00adty<\/a><\/li>\n<\/ul>\n<\/div>\n\t\t\t\t<\/div>\n\t\t\t\t\t\t\t<div class=\"elementor-accordion-item\">\n\t\t\t\t\t<div id=\"elementor-tab-title-1228\" class=\"elementor-tab-title\" data-tab=\"8\" role=\"button\" aria-controls=\"elementor-tab-content-1228\" aria-expanded=\"false\">\n\t\t\t\t\t\t\t\t\t\t\t\t\t<span class=\"elementor-accordion-icon elementor-accordion-icon-right\" aria-hidden=\"true\">\n\t\t\t\t\t\t\t\t\t\t\t\t\t\t\t<span class=\"elementor-accordion-icon-closed\"><i class=\"fas fa-plus-circle\"><\/i><\/span>\n\t\t\t\t\t\t\t\t<span class=\"elementor-accordion-icon-opened\"><i class=\"fas fa-minus-circle\"><\/i><\/span>\n\t\t\t\t\t\t\t\t\t\t\t\t\t\t<\/span>\n\t\t\t\t\t\t\t\t\t\t\t\t<a class=\"elementor-accordion-title\" tabindex=\"0\">Oth\u00ader resources (newslet\u00adters, etc.)<\/a>\n\t\t\t\t\t<\/div>\n\t\t\t\t\t<div id=\"elementor-tab-content-1228\" class=\"elementor-tab-content elementor-clearfix\" data-tab=\"8\" role=\"region\" aria-labelledby=\"elementor-tab-title-1228\"><ul>\n<li><a href=\"https:\/\/mailchi.mp\/zonefranche\/newsletter-zone-franche-novembre-2023\">2023 \u2014 Newslet\u00adter Novem\u00adber 15<\/a><\/li>\n<li><a href=\"https:\/\/mailchi.mp\/zonefranche\/newsletter-zone-franche-au-womex-2023\">2023 \u2014 Octo\u00adber 19 Newslet\u00adter<\/a><\/li>\n<li><a href=\"https:\/\/mailchi.mp\/zonefranche\/mama-2022-prsence-de-zone-franche-2608758\">2023 \u2014 Octo\u00adber 5&nbsp;Newslet\u00adter<\/a><\/li>\n<li><a href=\"https:\/\/mailchi.mp\/zonefranche\/newsletter-zone-franche-aot-2608605\">2023 \u2014 Newslet\u00adter August 21<\/a><\/li>\n<li><a href=\"https:\/\/mailchi.mp\/zonefranche\/newsletter-zone-franche-aot-2023\">2023 \u2014 Newslet\u00adter July 31<\/a><\/li>\n<li><a href=\"https:\/\/mailchi.mp\/zonefranche\/newsletter-zone-franche-juin-2023\">2023 \u2014 Newslet\u00adter June 13<\/a><\/li>\n<li><a href=\"https:\/\/mailchi.mp\/zonefranche\/newsletter-zone-franche-kdwvhwxxef\">2023 \u2014 Newslet\u00adter May 22<\/a><\/li>\n<li><a href=\"https:\/\/mailchi.mp\/zonefranche\/newsletter-zone-franche-avril-2023-nouveau-ca\">2023 \u2014 Newslet\u00adter April 20<\/a><\/li>\n<li><a href=\"https:\/\/mailchi.mp\/zonefranche\/newsletter-zone-franche-les-prochains-rendez-vous\">2023 \u2014 Newslet\u00adter March 21<\/a><\/li>\n<\/ul>\n<\/div>\n\t\t\t\t<\/div>\n\t\t\t\t\t\t\t\t<\/div>\n\t\t\t\t\t\t<\/div>\n\t\t\t\t<\/div>\n\t\t\t\t\t<\/div>\n\t\t<\/div>\n\t\t\t\t\t<\/div>\n\t\t<\/section>\n\t\t\t\t\t<\/div>\n\t\t<\/div>\n\t\t\t\t\t<\/div>\n\t\t<\/section>\n\t\t\t\t<section class=\"elementor-section elementor-top-section elementor-element elementor-element-651e26f elementor-section-boxed elementor-section-height-default elementor-section-height-default\" data-id=\"651e26f\" data-element_type=\"section\" data-e-type=\"section\" data-settings=\"{&quot;background_background&quot;:&quot;classic&quot;}\">\n\t\t\t\t\t\t<div class=\"elementor-container elementor-column-gap-default\">\n\t\t\t\t\t<div class=\"elementor-column elementor-col-100 elementor-top-column elementor-element elementor-element-f567d30\" data-id=\"f567d30\" data-element_type=\"column\" data-e-type=\"column\">\n\t\t\t<div class=\"elementor-widget-wrap\">\n\t\t\t\t\t\t\t<\/div>\n\t\t<\/div>\n\t\t\t\t\t<\/div>\n\t\t<\/section>\n\t\t\t\t<\/div>\n\t\t","protected":false},"excerpt":{"rendered":"<p>Resources Les \u00c9tats G\u00e9n\u00e9raux des Musiques du Monde 2013 \u2013 \u00c9tats G\u00e9n\u00e9raux \u2013 First Edi\u00adtion \u2013 Third Part 2011 \u2013 \u00c9tats G\u00e9n\u00e9raux \u2013 First Edi\u00adtion \u2013 Sec\u00adond Part 2009 \u2013 \u00c9tats G\u00e9n\u00e9raux \u2013 First Edi\u00adtion \u2013 Part One Ren\u00adcon\u00adtres \u00a1Franche\u00adment&nbsp;! and oth\u00ader pro\u00adfes\u00adsion\u00adal issues 2022 \u2013 Syn\u00adthe\u00adsis \u00a1Franche\u00adment&nbsp;! #2 2021 \u2013 Syn\u00adthe\u00adsis \u00a1Franche\u00adment&nbsp;! #1 Cul\u00adtur\u00adal [\u2026]<\/p>\n","protected":false},"author":1,"featured_media":0,"parent":0,"menu_order":0,"comment_status":"closed","ping_status":"closed","template":"","meta":{"_acf_changed":false,"wp_typography_post_enhancements_disabled":false,"footnotes":""},"class_list":["post-3452","page","type-page","status-publish","hentry"],"acf":[],"_links":{"self":[{"href":"https:\/\/www.zonefranche.com\/en\/wp-json\/wp\/v2\/pages\/3452","targetHints":{"allow":["GET"]}}],"collection":[{"href":"https:\/\/www.zonefranche.com\/en\/wp-json\/wp\/v2\/pages"}],"about":[{"href":"https:\/\/www.zonefranche.com\/en\/wp-json\/wp\/v2\/types\/page"}],"author":[{"embeddable":true,"href":"https:\/\/www.zonefranche.com\/en\/wp-json\/wp\/v2\/users\/1"}],"replies":[{"embeddable":true,"href":"https:\/\/www.zonefranche.com\/en\/wp-json\/wp\/v2\/comments?post=3452"}],"version-history":[{"count":0,"href":"https:\/\/www.zonefranche.com\/en\/wp-json\/wp\/v2\/pages\/3452\/revisions"}],"wp:attachment":[{"href":"https:\/\/www.zonefranche.com\/en\/wp-json\/wp\/v2\/media?parent=3452"}],"curies":[{"name":"wp","href":"https:\/\/api.w.org\/{rel}","templated":true}]}}