{"id":34224,"date":"2023-09-08T14:58:21","date_gmt":"2023-09-08T12:58:21","guid":{"rendered":"https:\/\/www.zonefranche.com\/guia-practica-sobre-visados\/"},"modified":"2025-01-14T15:41:57","modified_gmt":"2025-01-14T14:41:57","slug":"guia-practica-sobre-visados","status":"publish","type":"page","link":"https:\/\/www.zonefranche.com\/es\/miembros\/guia-practica-sobre-visados\/","title":{"rendered":"Gu\u00eda pr\u00e1ctica sobre visados"},"content":{"rendered":"\t\t<div data-elementor-type=\"wp-page\" data-elementor-id=\"34224\" class=\"elementor elementor-34224 elementor-423\" data-elementor-post-type=\"page\">\n\t\t\t\t\t\t<section class=\"elementor-section elementor-top-section elementor-element elementor-element-073beed elementor-section-full_width elementor-section-height-default elementor-section-height-default\" data-id=\"073beed\" data-element_type=\"section\">\n\t\t\t\t\t\t<div class=\"elementor-container elementor-column-gap-default\">\n\t\t\t\t\t<div class=\"elementor-column elementor-col-50 elementor-top-column elementor-element elementor-element-c0b10be\" data-id=\"c0b10be\" data-element_type=\"column\" data-settings=\"{&quot;background_background&quot;:&quot;classic&quot;}\">\n\t\t\t<div class=\"elementor-widget-wrap elementor-element-populated\">\n\t\t\t\t\t\t<div class=\"elementor-element elementor-element-96e6ea7 elementor-widget elementor-widget-text-editor\" data-id=\"96e6ea7\" data-element_type=\"widget\" id=\"refus-visa\" data-widget_type=\"text-editor.default\">\n\t\t\t\t<div class=\"elementor-widget-container\">\n\t\t\t\t\t\t\t\t\t<h3><strong>\u00bfEnfrentarse a&nbsp;una denegaci\u00f3n de VISADO<\/strong><br><strong>para un artista&nbsp;? <\/strong> <\/h3>\n<p>Aprovecha nue\u00adstro ser\u00advi\u00adcio de urgen\u00adcias en<a href=\"https:\/\/www.zonefranche.com\/comite-visas-artiste\/\">Comit\u00e9 Visas Artistes <\/a>.  <\/p>\n<p><i>R\u00e9g\u00adi\u00admen de inter\u00e9s gen\u00ader\u00adal para todos los sec\u00adtores art\u00eds\u00adti\u00adcos.  <\/i><\/p>\n\t\t\t\t\t\t\t\t<\/div>\n\t\t\t\t<\/div>\n\t\t\t\t<section class=\"elementor-section elementor-inner-section elementor-element elementor-element-5295594 elementor-section-boxed elementor-section-height-default elementor-section-height-default\" data-id=\"5295594\" data-element_type=\"section\" id=\"guide-pratique\">\n\t\t\t\t\t\t<div class=\"elementor-container elementor-column-gap-default\">\n\t\t\t\t\t<div class=\"elementor-column elementor-col-100 elementor-inner-column elementor-element elementor-element-f138885\" data-id=\"f138885\" data-element_type=\"column\">\n\t\t\t<div class=\"elementor-widget-wrap elementor-element-populated\">\n\t\t\t\t\t\t<div class=\"elementor-element elementor-element-756649f elementor-widget elementor-widget-text-editor\" data-id=\"756649f\" data-element_type=\"widget\" data-widget_type=\"text-editor.default\">\n\t\t\t\t<div class=\"elementor-widget-container\">\n\t\t\t\t\t\t\t\t\t<h2><strong><span style=\"color: #e75709;\">Gu\u00eda pr\u00e1ctica sobre visados<\/span><\/strong><\/h2>\n<h2><strong>Segunda edici\u00f3n<\/strong><\/h2>\n<h3>Actualizado en marzo de 2022  <\/h3>\n<div> <\/div>\n\t\t\t\t\t\t\t\t<\/div>\n\t\t\t\t<\/div>\n\t\t\t\t<div class=\"elementor-element elementor-element-84bb185 elementor-widget elementor-widget-text-editor\" data-id=\"84bb185\" data-element_type=\"widget\" data-widget_type=\"text-editor.default\">\n\t\t\t\t<div class=\"elementor-widget-container\">\n\t\t\t\t\t\t\t\t\t<p>Des\u00adde 2016, Zone Franche pub\u00adli\u00adca la Gu\u00eda Pr\u00e1c\u00adti\u00adca de Visa\u00addos, cuyo obje\u00adti\u00advo es dar respues\u00adtas t\u00e9c\u00adni\u00adcas a&nbsp;las pre\u00adgun\u00adtas que se plantean los pro\u00adfe\u00adsion\u00adales sobre la entra\u00adda de artis\u00adtas extran\u00adjeros en el espa\u00adcio Schen\u00adgen.<\/p>\n<p><br><\/p>\n<p>Para coin\u00adcidir con la feria dig\u00adi\u00adtal Before Babel Music XP en noviem\u00adbre de 2020, Zone Franche y&nbsp;el Comit\u00e9 Visas Artistes pub\u00adli\u00adcaron la segun\u00adda edi\u00adci\u00f3n de la Gu\u00eda Pr\u00e1c\u00adti\u00adca de Visa\u00addos para Pro\u00adfe\u00adsion\u00adales de la Cul\u00adtura el 27 de noviem\u00adbre de 2020. La primera edi\u00adci\u00f3n se pre\u00adsen\u00adt\u00f3 en diciem\u00adbre de 2016 en los Ren\u00adcon\u00adtres Trans Musi\u00adcales de Rennes. <\/p>\n<p><br><\/p>\n<p>Disponible gra\u00adtuita\u00admente en l\u00ednea y&nbsp;en papel, infor\u00adma sobre la reciente evolu\u00adci\u00f3n leg\u00adisla\u00adti\u00adva y&nbsp;reglamen\u00adtaria rel\u00ada\u00adti\u00adva a&nbsp;la cir\u00adcu\u00adlaci\u00f3n de artis\u00adtas en Fran\u00adcia y&nbsp;en el extran\u00adjero.<\/p>\n<p><br><\/p>\n<p>La ver\u00adsi\u00f3n dig\u00adi\u00adtal de esta gu\u00eda se actu\u00adal\u00adiza per\u00adi\u00f3dica\u00admente en fun\u00adci\u00f3n de las reac\u00adciones sobre el ter\u00adreno y&nbsp;de los cam\u00adbios en el con\u00adtex\u00adto geopol\u00edti\u00adco.<\/p>\n<p><br><\/p>\n<p>Quer\u00ade\u00admos agrade\u00adcer una vez m\u00e1s a&nbsp;los miem\u00adbros del Comit\u00e9 Visas Artistes su aten\u00adta revisi\u00f3n, as\u00ed como a&nbsp;la SFA-CGT, el SNAM-CGT, la UFISC, el Prodiss, la Cit\u00e9 inter\u00adna\u00adtionale des arts y&nbsp;el Insti\u00adtut Fran\u00e7ais, que han colab\u00ado\u00adra\u00addo en esta pub\u00adli\u00adcaci\u00f3n.<\/p>\n<p><br><\/p>\n<p><b>Y un agradec\u00adimien\u00adto espe\u00adcial a&nbsp;Ana\u00efs Lukacs, de Mobi\u00adCul\u00adture, por su estrecha colab\u00ado\u00adraci\u00f3n en la redac\u00adci\u00f3n de esta gu\u00eda.<\/b><\/p>\t\t\t\t\t\t\t\t<\/div>\n\t\t\t\t<\/div>\n\t\t\t\t\t<\/div>\n\t\t<\/div>\n\t\t\t\t\t<\/div>\n\t\t<\/section>\n\t\t\t\t\t<\/div>\n\t\t<\/div>\n\t\t\t\t<div class=\"elementor-column elementor-col-50 elementor-top-column elementor-element elementor-element-852c1c8\" data-id=\"852c1c8\" data-element_type=\"column\">\n\t\t\t<div class=\"elementor-widget-wrap elementor-element-populated\">\n\t\t\t\t\t\t<div class=\"elementor-element elementor-element-74408b2 elementor-widget elementor-widget-image\" data-id=\"74408b2\" data-element_type=\"widget\" data-widget_type=\"image.default\">\n\t\t\t\t<div class=\"elementor-widget-container\">\n\t\t\t\t\t\t\t\t\t\t\t\t\t\t\t<img fetchpriority=\"high\" decoding=\"async\" width=\"1044\" height=\"1536\" src=\"https:\/\/www.zonefranche.com\/wp-content\/uploads\/2023\/09\/image_guide@2x-1044x1536.png\" class=\"attachment-1536x1536 size-1536x1536 wp-image-34331\" alt srcset=\"https:\/\/www.zonefranche.com\/wp-content\/uploads\/2023\/09\/image_guide@2x-1044x1536.png 1044w, https:\/\/www.zonefranche.com\/wp-content\/uploads\/2023\/09\/image_guide@2x-204x300.png 204w, https:\/\/www.zonefranche.com\/wp-content\/uploads\/2023\/09\/image_guide@2x-696x1024.png 696w, https:\/\/www.zonefranche.com\/wp-content\/uploads\/2023\/09\/image_guide@2x-768x1130.png 768w, https:\/\/www.zonefranche.com\/wp-content\/uploads\/2023\/09\/image_guide@2x-1392x2048.png 1392w, https:\/\/www.zonefranche.com\/wp-content\/uploads\/2023\/09\/image_guide@2x.png 1452w\" sizes=\"(max-width: 1044px) 100vw, 1044px\">\t\t\t\t\t\t\t\t\t\t\t\t\t\t\t<\/div>\n\t\t\t\t<\/div>\n\t\t\t\t<div class=\"elementor-element elementor-element-94365f3 elementor-widget elementor-widget-text-editor\" data-id=\"94365f3\" data-element_type=\"widget\" data-widget_type=\"text-editor.default\">\n\t\t\t\t<div class=\"elementor-widget-container\">\n\t\t\t\t\t\t\t\t\t<p class=\"p1\"><span class=\"s1\"><b>#<\/b><\/span><span class=\"s2\"><b> descar\u00adga la nue\u00adva edi\u00adci\u00f3n de la gu\u00eda pr\u00e1c\u00adti\u00adca de visa\u00addos<\/b><\/span><\/p>\n\t\t\t\t\t\t\t\t<\/div>\n\t\t\t\t<\/div>\n\t\t\t\t<section class=\"elementor-section elementor-inner-section elementor-element elementor-element-c887c33 elementor-section-boxed elementor-section-height-default elementor-section-height-default\" data-id=\"c887c33\" data-element_type=\"section\">\n\t\t\t\t\t\t<div class=\"elementor-container elementor-column-gap-default\">\n\t\t\t\t\t<div class=\"elementor-column elementor-col-50 elementor-inner-column elementor-element elementor-element-44cb5c3\" data-id=\"44cb5c3\" data-element_type=\"column\">\n\t\t\t<div class=\"elementor-widget-wrap elementor-element-populated\">\n\t\t\t\t\t\t<div class=\"elementor-element elementor-element-c14a21d elementor-align-center elementor-widget elementor-widget-button\" data-id=\"c14a21d\" data-element_type=\"widget\" data-widget_type=\"button.default\">\n\t\t\t\t<div class=\"elementor-widget-container\">\n\t\t\t\t\t\t\t\t\t<div class=\"elementor-button-wrapper\">\n\t\t\t\t\t<a class=\"elementor-button elementor-button-link elementor-size-xl\" href=\"https:\/\/www.zonefranche.com\/wp-content\/uploads\/2023\/11\/Guide-Pratique-des-Visa-mars-2022.pdf\">\n\t\t\t\t\t\t<span class=\"elementor-button-content-wrapper\">\n\t\t\t\t\t\t\t\t\t<span class=\"elementor-button-text\"><br>Descar\u00adgar la gu\u00eda pr\u00e1c\u00adti\u00adca sobre visa\u00addos <\/span>\n\t\t\t\t\t<\/span>\n\t\t\t\t\t<\/a>\n\t\t\t\t<\/div>\n\t\t\t\t\t\t\t\t<\/div>\n\t\t\t\t<\/div>\n\t\t\t\t\t<\/div>\n\t\t<\/div>\n\t\t\t\t<div class=\"elementor-column elementor-col-50 elementor-inner-column elementor-element elementor-element-72c026c\" data-id=\"72c026c\" data-element_type=\"column\">\n\t\t\t<div class=\"elementor-widget-wrap elementor-element-populated\">\n\t\t\t\t\t\t<div class=\"elementor-element elementor-element-65bb94b elementor-align-center elementor-widget elementor-widget-button\" data-id=\"65bb94b\" data-element_type=\"widget\" data-widget_type=\"button.default\">\n\t\t\t\t<div class=\"elementor-widget-container\">\n\t\t\t\t\t\t\t\t\t<div class=\"elementor-button-wrapper\">\n\t\t\t\t\t<a class=\"elementor-button elementor-button-link elementor-size-xl\" href=\"https:\/\/www.zonefranche.com\/wp-content\/uploads\/2023\/11\/Practical-Guide-to-visas-2017.pdf\">\n\t\t\t\t\t\t<span class=\"elementor-button-content-wrapper\">\n\t\t\t\t\t\t\t\t\t<span class=\"elementor-button-text\"><br> Descar\u00adgar la gu\u00eda pr\u00e1c\u00adti\u00adca del visa\u00addo <\/span>\n\t\t\t\t\t<\/span>\n\t\t\t\t\t<\/a>\n\t\t\t\t<\/div>\n\t\t\t\t\t\t\t\t<\/div>\n\t\t\t\t<\/div>\n\t\t\t\t\t<\/div>\n\t\t<\/div>\n\t\t\t\t\t<\/div>\n\t\t<\/section>\n\t\t\t\t\t<\/div>\n\t\t<\/div>\n\t\t\t\t\t<\/div>\n\t\t<\/section>\n\t\t\t\t<\/div>\n\t\t","protected":false},"excerpt":{"rendered":"<p>\u00bfEnfrentarse a&nbsp;una dene\u00adgaci\u00f3n de VISADOpara un artista&nbsp;? Aprovecha nue\u00adstro ser\u00advi\u00adcio de urgen\u00adcias enComit\u00e9 Visas Artistes . R\u00e9g\u00adi\u00admen de inter\u00e9s gen\u00ader\u00adal para todos los sec\u00adtores art\u00eds\u00adti\u00adcos. Gu\u00eda pr\u00e1c\u00adti\u00adca sobre visa\u00addos Segun\u00adda edi\u00adci\u00f3n Actu\u00adal\u00adiza\u00addo en mar\u00adzo de 2022 Des\u00adde 2016, Zone Franche pub\u00adli\u00adca la Gu\u00eda Pr\u00e1c\u00adti\u00adca de Visa\u00addos, cuyo obje\u00adti\u00advo es dar respues\u00adtas t\u00e9c\u00adni\u00adcas a&nbsp;las pre\u00adgun\u00adtas que [\u2026]<\/p>\n","protected":false},"author":1,"featured_media":0,"parent":34328,"menu_order":0,"comment_status":"closed","ping_status":"closed","template":"","meta":{"_acf_changed":false,"wp_typography_post_enhancements_disabled":false,"footnotes":""},"class_list":["post-34224","page","type-page","status-publish","hentry"],"acf":[],"_links":{"self":[{"href":"https:\/\/www.zonefranche.com\/es\/wp-json\/wp\/v2\/pages\/34224","targetHints":{"allow":["GET"]}}],"collection":[{"href":"https:\/\/www.zonefranche.com\/es\/wp-json\/wp\/v2\/pages"}],"about":[{"href":"https:\/\/www.zonefranche.com\/es\/wp-json\/wp\/v2\/types\/page"}],"author":[{"embeddable":true,"href":"https:\/\/www.zonefranche.com\/es\/wp-json\/wp\/v2\/users\/1"}],"replies":[{"embeddable":true,"href":"https:\/\/www.zonefranche.com\/es\/wp-json\/wp\/v2\/comments?post=34224"}],"version-history":[{"count":0,"href":"https:\/\/www.zonefranche.com\/es\/wp-json\/wp\/v2\/pages\/34224\/revisions"}],"up":[{"embeddable":true,"href":"https:\/\/www.zonefranche.com\/es\/wp-json\/wp\/v2\/pages\/34328"}],"wp:attachment":[{"href":"https:\/\/www.zonefranche.com\/es\/wp-json\/wp\/v2\/media?parent=34224"}],"curies":[{"name":"wp","href":"https:\/\/api.w.org\/{rel}","templated":true}]}}