{"id":34232,"date":"2023-09-07T15:55:17","date_gmt":"2023-09-07T13:55:17","guid":{"rendered":"https:\/\/www.zonefranche.com\/formulario-de-remision\/"},"modified":"2025-01-14T15:42:38","modified_gmt":"2025-01-14T14:42:38","slug":"formulario-de-remision","status":"publish","type":"page","link":"https:\/\/www.zonefranche.com\/es\/comite-de-visados-para-artistas\/formulario-de-remision\/","title":{"rendered":"Formulario de remisi\u00f3n"},"content":{"rendered":"\t\t<div data-elementor-type=\"wp-page\" data-elementor-id=\"34232\" class=\"elementor elementor-34232 elementor-356\" data-elementor-post-type=\"page\">\n\t\t\t\t\t\t<section class=\"elementor-section elementor-top-section elementor-element elementor-element-bfa0d98 elementor-section-full_width elementor-section-height-default elementor-section-height-default\" data-id=\"bfa0d98\" data-element_type=\"section\" data-e-type=\"section\" data-settings=\"{&quot;background_background&quot;:&quot;classic&quot;}\">\n\t\t\t\t\t\t<div class=\"elementor-container elementor-column-gap-default\">\n\t\t\t\t\t<div class=\"elementor-column elementor-col-100 elementor-top-column elementor-element elementor-element-f216a3f\" data-id=\"f216a3f\" data-element_type=\"column\" data-e-type=\"column\" data-settings=\"{&quot;background_background&quot;:&quot;classic&quot;}\">\n\t\t\t<div class=\"elementor-widget-wrap elementor-element-populated\">\n\t\t\t\t\t\t<div class=\"elementor-element elementor-element-dda30d6 elementor-widget elementor-widget-text-editor\" data-id=\"dda30d6\" data-element_type=\"widget\" data-e-type=\"widget\" data-widget_type=\"text-editor.default\">\n\t\t\t\t<div class=\"elementor-widget-container\">\n\t\t\t\t\t\t\t\t\t<p class=\"p1\" style=\"margin: 0px; font-variant-numeric: normal; font-variant-east-asian: normal; font-variant-alternates: normal; font-kerning: auto; font-optical-sizing: auto; font-feature-settings: normal; font-variation-settings: normal; font-variant-position: normal; font-stretch: normal; font-size: 36px; line-height: normal; font-family: Merriweather;\"><span class=\"s1\" style=\"letter-spacing: 0.2px;\"><b>For\u00admu\u00adla\u00adrio<\/b><\/span><span class=\"s2\" style=\"letter-spacing: 0.2px; color: #de410c;\"><b> <\/b><\/span><\/p>\n<p class=\"p2\" style=\"margin: 0px; font-variant-numeric: normal; font-variant-east-asian: normal; font-variant-alternates: normal; font-kerning: auto; font-optical-sizing: auto; font-feature-settings: normal; font-variation-settings: normal; font-variant-position: normal; font-stretch: normal; font-size: 36px; line-height: normal; font-family: Merriweather; color: #de410c;\"><span class=\"s1\" style=\"letter-spacing: 0.2px;\"><b>Comit\u00e9<\/b><\/span><span class=\"s3\" style=\"font-variant-numeric: normal; font-variant-east-asian: normal; font-variant-alternates: normal; font-kerning: auto; font-optical-sizing: auto; font-feature-settings: normal; font-variation-settings: normal; font-variant-position: normal; font-stretch: normal; line-height: normal; font-family: 'Lucida Grande'; letter-spacing: 0.2px;\"><b>\u00e9<\/b><\/span><span class=\"s1\" style=\"letter-spacing: 0.2px;\"><b> Visa\u00addos para artis\u00adtas<\/b><\/span><\/p>\n<p class=\"p3\" style=\"margin: 0px; font-variant-numeric: normal; font-variant-east-asian: normal; font-variant-alternates: normal; font-kerning: auto; font-optical-sizing: auto; font-feature-settings: normal; font-variation-settings: normal; font-variant-position: normal; font-stretch: normal; font-size: 29px; line-height: normal; font-family: Merriweather; color: #7467a5;\">\n\t\t\t\t\t\t\t\t<\/p><\/div>\n\t\t\t\t<\/div>\n\t\t\t\t\t<\/div>\n\t\t<\/div>\n\t\t\t\t\t<\/div>\n\t\t<\/section>\n\t\t\t\t<section class=\"elementor-section elementor-top-section elementor-element elementor-element-31c9dc3 elementor-section-full_width elementor-section-height-default elementor-section-height-default\" data-id=\"31c9dc3\" data-element_type=\"section\" data-e-type=\"section\" data-settings=\"{&quot;background_background&quot;:&quot;classic&quot;}\">\n\t\t\t\t\t\t<div class=\"elementor-container elementor-column-gap-default\">\n\t\t\t\t\t<div class=\"elementor-column elementor-col-100 elementor-top-column elementor-element elementor-element-a320308\" data-id=\"a320308\" data-element_type=\"column\" data-e-type=\"column\" data-settings=\"{&quot;background_background&quot;:&quot;classic&quot;}\">\n\t\t\t<div class=\"elementor-widget-wrap elementor-element-populated\">\n\t\t\t\t\t\t<div class=\"elementor-element elementor-element-906fbb5 elementor-widget elementor-widget-text-editor\" data-id=\"906fbb5\" data-element_type=\"widget\" data-e-type=\"widget\" data-widget_type=\"text-editor.default\">\n\t\t\t\t<div class=\"elementor-widget-container\">\n\t\t\t\t\t\t\t\t\t<h3><span style=\"color: #ffffff;\"><strong>\u00bfEnfrentarse a&nbsp;una denegaci\u00f3n de visado<\/strong><\/span><br><span style=\"color: #ffffff;\"><strong>para un artista&nbsp;?&nbsp;<\/strong><\/span><\/h3>\n<p><span style=\"color: #ffffff;\">Aprovecha nue\u00adstro sis\u00adtema de emer\u00adgen\u00adcia.<\/span><\/p>\n<p><span style=\"color: #ffffff;\"><i>R\u00e9g\u00adi\u00admen de inter\u00e9s gen\u00ader\u00adal para todos los sec\u00adtores art\u00eds\u00adti\u00adcos.&nbsp;<\/i><\/span><\/p>\t\t\t\t\t\t\t\t<\/div>\n\t\t\t\t<\/div>\n\t\t\t\t\t<\/div>\n\t\t<\/div>\n\t\t\t\t\t<\/div>\n\t\t<\/section>\n\t\t\t\t<section class=\"elementor-section elementor-top-section elementor-element elementor-element-95a59b1 elementor-section-full_width elementor-section-height-default elementor-section-height-default\" data-id=\"95a59b1\" data-element_type=\"section\" data-e-type=\"section\" data-settings=\"{&quot;background_background&quot;:&quot;classic&quot;}\">\n\t\t\t\t\t\t<div class=\"elementor-container elementor-column-gap-default\">\n\t\t\t\t\t<div class=\"elementor-column elementor-col-100 elementor-top-column elementor-element elementor-element-b0ee032\" data-id=\"b0ee032\" data-element_type=\"column\" data-e-type=\"column\" data-settings=\"{&quot;background_background&quot;:&quot;classic&quot;}\">\n\t\t\t<div class=\"elementor-widget-wrap elementor-element-populated\">\n\t\t\t\t\t\t<div class=\"elementor-element elementor-element-c8df12d elementor-widget elementor-widget-text-editor\" data-id=\"c8df12d\" data-element_type=\"widget\" data-e-type=\"widget\" data-widget_type=\"text-editor.default\">\n\t\t\t\t<div class=\"elementor-widget-container\">\n\t\t\t\t\t\t\t\t\t<div class=\"forminator-ui forminator-custom-form forminator-custom-form-1750 forminator-design--default  forminator_ajax draft-enabled\" data-forminator-render=\"0\" data-form=\"forminator-module-1750\" data-uid=\"69fa2fb20658c\"><br><\/div><form id=\"forminator-module-1750\" class=\"forminator-ui forminator-custom-form forminator-custom-form-1750 forminator-design--default  forminator_ajax draft-enabled\" method=\"post\" data-forminator-render=\"0\" data-form-id=\"1750\" enctype=\"multipart\/form-data\" data-color-option=\"default\" data-design=\"default\" data-grid=\"open\" style=\"display: none;\" data-uid=\"69fa2fb20658c\"><div role=\"alert\" aria-live=\"polite\" class=\"forminator-response-message forminator-error\" aria-hidden=\"true\"><\/div><div class=\"forminator-row\"><div id=\"section-1\" class=\"forminator-field-section forminator-col forminator-col-12 \"><div class=\"forminator-field\"><h2 class=\"forminator-title\">Informations de la structure sollicitant le Comit\u00e9 Visas Artistes<\/h2><\/div><\/div><\/div><div class=\"forminator-row forminator-hidden\"><input type=\"hidden\" id=\"hidden-1_69fa2fb20658c\" name=\"hidden-1\" value=\"7:58:10 pm, CEST\"><\/div><div class=\"forminator-row\"><div id=\"text-1\" class=\"forminator-field-text forminator-col forminator-col-12 \"><div class=\"forminator-field\"><label for=\"forminator-field-text-1_69fa2fb20658c\" id=\"forminator-field-text-1_69fa2fb20658c-label\" class=\"forminator-label\">Nom de la Struc\u00adture<\/label><input type=\"text\" name=\"text-1\" value placeholder id=\"forminator-field-text-1_69fa2fb20658c\" class=\"forminator-input forminator-name--field\" data-required><\/div><\/div><\/div><div class=\"forminator-row\"><div id=\"name-1\" class=\"forminator-field-name forminator-col forminator-col-6 \"><div class=\"forminator-row forminator-no-margin\" data-multiple=\"true\"><div class=\"forminator-col forminator-col-md-6\"><div class=\"forminator-field\"><label for=\"forminator-field-first-name-1_69fa2fb20658c\" id=\"forminator-field-first-name-1_69fa2fb20658c-label\" class=\"forminator-label\">Pr\u00e9nom <span class=\"forminator-required\">*<\/span><\/label><input type=\"text\" name=\"name-1-first-name\" placeholder id=\"forminator-field-first-name-1_69fa2fb20658c\" class=\"forminator-input\" aria-required=\"true\" data-multi=\"1\" autocomplete=\"given-name\" value><\/div><\/div><div class=\"forminator-col forminator-col-md-6\"><div class=\"forminator-field\"><label for=\"forminator-field-last-name-1_69fa2fb20658c\" id=\"forminator-field-last-name-1_69fa2fb20658c-label\" class=\"forminator-label\">Nom <span class=\"forminator-required\">*<\/span><\/label><input type=\"text\" name=\"name-1-last-name\" placeholder id=\"forminator-field-last-name-1_69fa2fb20658c\" class=\"forminator-input\" aria-required=\"true\" data-multi=\"1\" autocomplete=\"family-name\" value><\/div><\/div><\/div><\/div><div id=\"text-2\" class=\"forminator-field-text forminator-col forminator-col-6 \"><div class=\"forminator-field\"><label for=\"forminator-field-text-2_69fa2fb20658c\" id=\"forminator-field-text-2_69fa2fb20658c-label\" class=\"forminator-label\">Fonc\u00adtion de la per\u00adson\u00adne \u00e0&nbsp;con\u00adtac\u00adter<\/label><input type=\"text\" name=\"text-2\" value placeholder id=\"forminator-field-text-2_69fa2fb20658c\" class=\"forminator-input forminator-name--field\" data-required><\/div><\/div><\/div><div class=\"forminator-row\"><div id=\"email-1\" class=\"forminator-field-email forminator-col forminator-col-6 \"><div class=\"forminator-field\"><label for=\"forminator-field-email-1_69fa2fb20658c\" id=\"forminator-field-email-1_69fa2fb20658c-label\" class=\"forminator-label\">Adresse de mes\u00adsagerie <span class=\"forminator-required\">*<\/span><\/label><input type=\"email\" name=\"email-1\" value placeholder id=\"forminator-field-email-1_69fa2fb20658c\" class=\"forminator-input forminator-email--field\" data-required=\"true\" aria-required=\"true\" autocomplete=\"email\"><\/div><\/div><div id=\"phone-3\" class=\"forminator-field-phone forminator-col forminator-col-6 \"><div class=\"forminator-field\"><label for=\"forminator-field-phone-3_69fa2fb20658c\" id=\"forminator-field-phone-3_69fa2fb20658c-label\" class=\"forminator-label\">Num\u00e9ro de t\u00e9l\u00e9\u00adphone de la per\u00adson\u00adne \u00e0&nbsp;con\u00adtac\u00adter <span class=\"forminator-required\">*<\/span><\/label><input type=\"text\" name=\"phone-3\" value placeholder id=\"forminator-field-phone-3_69fa2fb20658c\" class=\"forminator-input forminator-field--phone\" data-required=\"1\" aria-required=\"true\" autocomplete=\"off\"><\/div><\/div><\/div><div class=\"forminator-row\"><div id=\"section-2\" class=\"forminator-field-section forminator-col forminator-col-12  artiste\"><div class=\"forminator-field\"><h2 class=\"forminator-title\">Informations sur le\u00b7s artiste\u00b7s concern\u00e9\u00b7es par le probl\u00e8me d\u2019obtention de visa<\/h2><\/div><\/div><\/div><div class=\"forminator-row\"><div id=\"text-4\" class=\"forminator-field-text forminator-col forminator-col-12 \"><div class=\"forminator-field\"><label for=\"forminator-field-text-4_69fa2fb20658c\" id=\"forminator-field-text-4_69fa2fb20658c-label\" class=\"forminator-label\">Nom du groupe ou Nom d\u2019artiste<\/label><input type=\"text\" name=\"text-4\" value placeholder id=\"forminator-field-text-4_69fa2fb20658c\" class=\"forminator-input forminator-name--field\" data-required><\/div><\/div><\/div><div class=\"forminator-row\"><div id=\"group-1\" class=\"forminator-field-group forminator-col forminator-col-12 \"><label class=\"forminator-label forminator-repeater-label\">Artiste concern\u00e9\u00b7e<\/label><div class=\"forminator-all-group-copies forminator-repeater-field\"><div class=\"forminator-grouped-fields\" data-options=\"{&quot;is_repeater&quot;:true,&quot;min_type&quot;:&quot;custom&quot;,&quot;max_type&quot;:&quot;custom&quot;,&quot;min&quot;:1,&quot;max&quot;:9223372036854775807,&quot;add_text&quot;:&quot;Ajouter un\\u00b7e artiste&quot;,&quot;remove_text&quot;:&quot;Retirer l'artiste&quot;,&quot;action_element_type&quot;:&quot;button&quot;}\"><div class=\"forminator-row\"><div id=\"name-2\" class=\"forminator-field-name forminator-col forminator-col-12 \"><div class=\"forminator-row forminator-no-margin\" data-multiple=\"true\"><div class=\"forminator-col forminator-col-md-6\"><div class=\"forminator-field\"><label for=\"forminator-field-first-name-2_69fa2fb20658c\" id=\"forminator-field-first-name-2_69fa2fb20658c-label\" class=\"forminator-label\">Pr\u00e9nom <span class=\"forminator-required\">*<\/span><\/label><input type=\"text\" name=\"name-2-first-name\" placeholder id=\"forminator-field-first-name-2_69fa2fb20658c\" class=\"forminator-input\" aria-required=\"true\" data-multi=\"1\" autocomplete=\"given-name\" value aria-describedby=\"forminator-field-first-name-2_69fa2fb20658c-description\"><span id=\"forminator-field-first-name-2_69fa2fb20658c-description\" class=\"forminator-description\">Pr\u00e9nom de l\u2019artiste concern\u00e9(e) tel que sur le passe\u00adport<\/span><\/div><\/div><div class=\"forminator-col forminator-col-md-6\"><div class=\"forminator-field\"><label for=\"forminator-field-last-name-2_69fa2fb20658c\" id=\"forminator-field-last-name-2_69fa2fb20658c-label\" class=\"forminator-label\">Nom de famille <span class=\"forminator-required\">*<\/span><\/label><input type=\"text\" name=\"name-2-last-name\" placeholder id=\"forminator-field-last-name-2_69fa2fb20658c\" class=\"forminator-input\" aria-required=\"true\" data-multi=\"1\" autocomplete=\"family-name\" value aria-describedby=\"forminator-field-last-name-2_69fa2fb20658c-description\"><span id=\"forminator-field-last-name-2_69fa2fb20658c-description\" class=\"forminator-description\">Nom de famille de l\u2019artiste concern\u00e9(e) tel que sur le passe\u00adport<\/span><\/div><\/div><\/div><\/div><\/div><div class=\"forminator-row\"><div id=\"text-5\" class=\"forminator-field-text forminator-col forminator-col-12 \"><div class=\"forminator-field\"><label for=\"forminator-field-text-5_69fa2fb20658c\" id=\"forminator-field-text-5_69fa2fb20658c-label\" class=\"forminator-label\">Nation\u00adal\u00adit\u00e9 de l\u2019artiste <span class=\"forminator-required\">*<\/span><\/label><input type=\"text\" name=\"text-5\" value placeholder id=\"forminator-field-text-5_69fa2fb20658c\" class=\"forminator-input forminator-name--field\" data-required=\"1\"><\/div><\/div><\/div><div class=\"forminator-row\"><div id=\"text-6\" class=\"forminator-field-text forminator-col forminator-col-12 \"><div class=\"forminator-field\"><label for=\"forminator-field-text-6_69fa2fb20658c\" id=\"forminator-field-text-6_69fa2fb20658c-label\" class=\"forminator-label\">Pays de r\u00e9si\u00addence de l\u2019artiste <span class=\"forminator-required\">*<\/span><\/label><input type=\"text\" name=\"text-6\" value placeholder id=\"forminator-field-text-6_69fa2fb20658c\" class=\"forminator-input forminator-name--field\" data-required=\"1\"><\/div><\/div><\/div><div class=\"forminator-row\"><div id=\"text-12\" class=\"forminator-field-text forminator-col forminator-col-6 \"><div class=\"forminator-field\"><label for=\"forminator-field-text-12_69fa2fb20658c\" id=\"forminator-field-text-12_69fa2fb20658c-label\" class=\"forminator-label\">Num\u00e9ro de passe\u00adport <span class=\"forminator-required\">*<\/span><\/label><input type=\"text\" name=\"text-12\" value placeholder id=\"forminator-field-text-12_69fa2fb20658c\" class=\"forminator-input forminator-name--field\" data-required=\"1\"><\/div><\/div><div id=\"text-10\" class=\"forminator-field-text forminator-col forminator-col-6 \"><div class=\"forminator-field\"><label for=\"forminator-field-text-10_69fa2fb20658c\" id=\"forminator-field-text-10_69fa2fb20658c-label\" class=\"forminator-label\">Date d\u2019expiration du passe\u00adport <span class=\"forminator-required\">*<\/span><\/label><input type=\"text\" name=\"text-10\" value placeholder id=\"forminator-field-text-10_69fa2fb20658c\" class=\"forminator-input forminator-name--field\" data-required=\"1\"><\/div><\/div><\/div><div class=\"forminator-row\"><div id=\"email-3\" class=\"forminator-field-email forminator-col forminator-col-6 \"><div class=\"forminator-field\"><label for=\"forminator-field-email-3_69fa2fb20658c\" id=\"forminator-field-email-3_69fa2fb20658c-label\" class=\"forminator-label\">Email d\u2019un des artistes \u00e0&nbsp;con\u00adtac\u00adter sur place<\/label><input type=\"email\" name=\"email-3\" value placeholder id=\"forminator-field-email-3_69fa2fb20658c\" class=\"forminator-input forminator-email--field\" data-required aria-required=\"false\" autocomplete=\"email\"><\/div><\/div><div id=\"phone-2\" class=\"forminator-field-phone forminator-col forminator-col-6 \"><div class=\"forminator-field\"><label for=\"forminator-field-phone-2_69fa2fb20658c\" id=\"forminator-field-phone-2_69fa2fb20658c-label\" class=\"forminator-label\">Num\u00e9ro de t\u00e9l\u00e9\u00adphone d\u2019un des artistes \u00e0&nbsp;con\u00adtac\u00adter sur place<\/label><input type=\"text\" name=\"phone-2\" value placeholder id=\"forminator-field-phone-2_69fa2fb20658c\" class=\"forminator-input forminator-field--phone\" data-required aria-required=\"false\" autocomplete=\"off\"><\/div><\/div><\/div><div class=\"forminator-row\"><div id=\"upload-1\" class=\"forminator-field-upload forminator-col forminator-col-12 \"><div class=\"forminator-field\"><label for=\"forminator-field-upload-1_69fa2fb20658c\" id=\"forminator-field-upload-1_69fa2fb20658c-label\" class=\"forminator-label\">Join\u00addre tous les doc\u00adu\u00adments d\u00e9pos\u00e9s pour la\/les demande(s) de visa de cet artiste<\/label><div class=\"forminator-multi-upload \" data-element=\"upload-1_69fa2fb20658c\"><input type=\"file\" name=\"upload-1[]\" id=\"forminator-field-upload-1_69fa2fb20658c\" class=\"forminator-input-file forminator-field-upload-1_69fa2fb20658c-1750\" multiple=\"multiple\" data-method=\"ajax\" data-size=\"8000000\" data-size-message=\"El tama\u00f1o m\u00e1ximo de archivo permitido es 8 MB. \"><div class=\"forminator-multi-upload-message\" aria-hidden=\"true\"><span class=\"forminator-icon-upload\" aria-hidden=\"true\"><\/span><p>Arras\u00adtrar y&nbsp;soltar (o) <a class=\"forminator-upload-file--forminator-field-upload-1_69fa2fb20658c\" href=\"#\" onclick=\"return false;\">cam\u00adbiar archivos<\/a><\/p><\/div><\/div><ul class=\"forminator-uploaded-files upload-container-upload-1_69fa2fb20658c\"><\/ul><\/div><\/div><\/div><div class=\"forminator-row forminator-action-buttons\"><div class=\"forminator-col forminator-col-12\"><input type=\"button\" value=\"Ajouter un\u00b7e artiste\" class=\"forminator-repeater-action-button forminator-repeater-add\"><input type=\"button\" value=\"Retirer l'artiste\" class=\"forminator-repeater-action-button forminator-repeater-remove\"><\/div><\/div><\/div><\/div><\/div><\/div><div class=\"forminator-row\"><div id=\"section-3\" class=\"forminator-field-section forminator-col forminator-col-12  demarches\"><div class=\"forminator-field\"><h2 class=\"forminator-title\">D\u00e9marches effectu\u00e9es pour l\u2019obtention du visa<\/h2><\/div><\/div><\/div><div class=\"forminator-row\"><div id=\"text-8\" class=\"forminator-field-text forminator-col forminator-col-6 \"><div class=\"forminator-field\"><label for=\"forminator-field-text-8_69fa2fb20658c\" id=\"forminator-field-text-8_69fa2fb20658c-label\" class=\"forminator-label\">Pays du con\u00adsulat de d\u00e9p\u00f4t de visa<\/label><input type=\"text\" name=\"text-8\" value placeholder id=\"forminator-field-text-8_69fa2fb20658c\" class=\"forminator-input forminator-name--field\" data-required><\/div><\/div><div id=\"text-9\" class=\"forminator-field-text forminator-col forminator-col-6 \"><div class=\"forminator-field\"><label for=\"forminator-field-text-9_69fa2fb20658c\" id=\"forminator-field-text-9_69fa2fb20658c-label\" class=\"forminator-label\">Ville du con\u00adsulat de d\u00e9p\u00f4t de visa<\/label><input type=\"text\" name=\"text-9\" value placeholder id=\"forminator-field-text-9_69fa2fb20658c\" class=\"forminator-input forminator-name--field\" data-required><\/div><\/div><\/div><div class=\"forminator-row\"><div id=\"text-11\" class=\"forminator-field-text forminator-col forminator-col-6 \"><div class=\"forminator-field\"><label for=\"forminator-field-text-11_69fa2fb20658c\" id=\"forminator-field-text-11_69fa2fb20658c-label\" class=\"forminator-label\">Date du d\u00e9p\u00f4t de dossier de demande de visa (si cela a&nbsp;\u00e9t\u00e9 pos\u00adsi\u00adble)<\/label><input type=\"text\" name=\"text-11\" value placeholder id=\"forminator-field-text-11_69fa2fb20658c\" class=\"forminator-input forminator-name--field\" data-required><\/div><\/div><div id=\"text-13\" class=\"forminator-field-text forminator-col forminator-col-6 \"><div class=\"forminator-field\"><label for=\"forminator-field-text-13_69fa2fb20658c\" id=\"forminator-field-text-13_69fa2fb20658c-label\" class=\"forminator-label\">N\u00b0 du dossier de demande<\/label><input type=\"text\" name=\"text-13\" value placeholder id=\"forminator-field-text-13_69fa2fb20658c\" class=\"forminator-input forminator-name--field\" data-required><\/div><\/div><\/div><div class=\"forminator-row\"><div id=\"textarea-1\" class=\"forminator-field-textarea forminator-col forminator-col-12 \"><div class=\"forminator-field\"><label for=\"forminator-field-textarea-1_69fa2fb20658c\" id=\"forminator-field-textarea-1_69fa2fb20658c-label\" class=\"forminator-label\">Expos\u00e9 du prob\u00adl\u00e8me<\/label><textarea name=\"textarea-1\" placeholder id=\"forminator-field-textarea-1_69fa2fb20658c\" class=\"forminator-textarea\" rows=\"6\" style=\"min-height:140px;\" maxlength=\"1000\"><\/textarea><span id=\"forminator-field-textarea-1_69fa2fb20658c-description\" class=\"forminator-description\"><span data-limit=\"1000\" data-type=\"characters\" data-editor>0 \/ 1000<\/span><\/span><\/div><\/div><\/div><div class=\"forminator-row\"><div id=\"consent-1\" class=\"forminator-field-consent forminator-col forminator-col-12 \"><div class=\"forminator-field\"><label for=\"forminator-field-consent-1_69fa2fb20658c\" id=\"forminator-field-consent-1_69fa2fb20658c-label\" class=\"forminator-label\">Con\u00adsen\u00adte\u00adment <span class=\"forminator-required\">*<\/span><\/label><div class=\"forminator-checkbox__wrapper\"><label id=\"forminator-field-consent-1_69fa2fb20658c__label\" class=\"forminator-checkbox forminator-consent\" aria-labelledby=\"forminator-field-consent-1_69fa2fb20658c-label\"><input type=\"checkbox\" name=\"consent-1\" id=\"forminator-field-consent-1_69fa2fb20658c\" value=\"checked\" aria-labelledby=\"forminator-field-consent-1_69fa2fb20658c-label\" aria-describedby=\"forminator-field-consent-1_69fa2fb20658c__description\" data-required=\"true\" aria-required=\"true\"><span class=\"forminator-checkbox-box\" aria-hidden=\"true\"><\/span><\/label><div id=\"forminator-field-consent-1_69fa2fb20658c__description\" class=\"forminator-checkbox__label forminator-consent__label\"><p>Oui, j\u2019ac\u00adcepte la <a rel=\"noopener\" target=\"_blank\" href=\"https:\/\/www.zonefranche.com\/mentions-legales\/\">poli\u00adtique de con\u00adfi\u00adden\u00adtial\u00adit\u00e9<\/a> de Zone Franche.<\/p><\/div><\/div><\/div><\/div><\/div><input type=\"hidden\" name=\"referer_url\" value><div class=\"forminator-row forminator-row-last\"><div class=\"forminator-col\"><div class=\"forminator-field\"><button class=\"forminator-button forminator-button-submit\">Envoyer votre demande<\/button><a href=\"#\" class=\"forminator-save-draft-link disabled\" title=\"Rellena los campos del formulario antes de guardarlo como borrador\" formnovalidate>Guardar como bor\u00adrador<\/a><\/div><\/div><\/div><input type=\"hidden\" id=\"forminator_nonce\" name=\"forminator_nonce\" value=\"55bc0ab7b6\"><input type=\"hidden\" name=\"_wp_http_referer\" value=\"\/es\/wp-json\/wp\/v2\/pages\/34232\"><input type=\"hidden\" name=\"form_id\" value=\"1750\"><input type=\"hidden\" name=\"page_id\" value=\"34232\"><input type=\"hidden\" name=\"form_type\" value=\"default\"><input type=\"hidden\" name=\"current_url\" value=\"https:\/\/www.zonefranche.com\/es\/comite-de-visados-para-artistas\/formulario-de-remision\/\"><input type=\"hidden\" name=\"render_id\" value=\"0\"><input type=\"hidden\" name=\"forminator-multifile-hidden\" class=\"forminator-multifile-hidden\"><input type=\"hidden\" name=\"action\" value=\"forminator_submit_form_custom-forms\"><input type=\"hidden\" name=\"save_draft\" value=\"false\"><label for=\"input_23\" class=\"forminator-hidden\" aria-hidden=\"true\">Por favor, no rel\u00adlenes este cam\u00adpo. <input id=\"input_23\" type=\"text\" name=\"input_23\" value autocomplete=\"off\"><\/label><\/form>\n\t\t\t\t\t\t\t\t<\/div>\n\t\t\t\t<\/div>\n\t\t\t\t\t<\/div>\n\t\t<\/div>\n\t\t\t\t\t<\/div>\n\t\t<\/section>\n\t\t\t\t<\/div>\n\t\t","protected":false},"excerpt":{"rendered":"<p>For\u00admu\u00adla\u00adrio Comit\u00e9\u00e9 Visa\u00addos para artis\u00adtas \u00bfEnfrentarse a&nbsp;una dene\u00adgaci\u00f3n de visadopara un artista&nbsp;?&nbsp; Aprovecha nue\u00adstro sis\u00adtema de emer\u00adgen\u00adcia. R\u00e9g\u00adi\u00admen de inter\u00e9s gen\u00ader\u00adal para todos los sec\u00adtores art\u00eds\u00adti\u00adcos.&nbsp;<\/p>\n","protected":false},"author":1,"featured_media":0,"parent":34417,"menu_order":0,"comment_status":"closed","ping_status":"closed","template":"","meta":{"_acf_changed":false,"wp_typography_post_enhancements_disabled":false,"footnotes":""},"class_list":["post-34232","page","type-page","status-publish","hentry"],"acf":[],"_links":{"self":[{"href":"https:\/\/www.zonefranche.com\/es\/wp-json\/wp\/v2\/pages\/34232","targetHints":{"allow":["GET"]}}],"collection":[{"href":"https:\/\/www.zonefranche.com\/es\/wp-json\/wp\/v2\/pages"}],"about":[{"href":"https:\/\/www.zonefranche.com\/es\/wp-json\/wp\/v2\/types\/page"}],"author":[{"embeddable":true,"href":"https:\/\/www.zonefranche.com\/es\/wp-json\/wp\/v2\/users\/1"}],"replies":[{"embeddable":true,"href":"https:\/\/www.zonefranche.com\/es\/wp-json\/wp\/v2\/comments?post=34232"}],"version-history":[{"count":0,"href":"https:\/\/www.zonefranche.com\/es\/wp-json\/wp\/v2\/pages\/34232\/revisions"}],"up":[{"embeddable":true,"href":"https:\/\/www.zonefranche.com\/es\/wp-json\/wp\/v2\/pages\/34417"}],"wp:attachment":[{"href":"https:\/\/www.zonefranche.com\/es\/wp-json\/wp\/v2\/media?parent=34232"}],"curies":[{"name":"wp","href":"https:\/\/api.w.org\/{rel}","templated":true}]}}