{"id":34244,"date":"2023-12-19T15:31:17","date_gmt":"2023-12-19T14:31:17","guid":{"rendered":"https:\/\/www.zonefranche.com\/nuestras-acciones\/los-estados-generales-de-las-musicas-del-mundo\/"},"modified":"2025-01-14T15:25:49","modified_gmt":"2025-01-14T14:25:49","slug":"los-estados-generales-de-las-musicas-del-mundo","status":"publish","type":"page","link":"https:\/\/www.zonefranche.com\/es\/nuestras-acciones\/los-estados-generales-de-las-musicas-del-mundo\/","title":{"rendered":"Los Estados Generales de las M\u00fasicas del Mundo"},"content":{"rendered":"\t\t<div data-elementor-type=\"wp-page\" data-elementor-id=\"34244\" class=\"elementor elementor-34244 elementor-2243\" data-elementor-post-type=\"page\">\n\t\t\t\t\t\t<section class=\"elementor-section elementor-top-section elementor-element elementor-element-72c8aaf elementor-section-height-min-height elementor-section-boxed elementor-section-height-default elementor-section-items-middle\" data-id=\"72c8aaf\" data-element_type=\"section\" data-e-type=\"section\" data-settings=\"{&quot;background_background&quot;:&quot;classic&quot;}\">\n\t\t\t\t\t\t<div class=\"elementor-container elementor-column-gap-default\">\n\t\t\t\t\t<div class=\"elementor-column elementor-col-100 elementor-top-column elementor-element elementor-element-ca2176d\" data-id=\"ca2176d\" data-element_type=\"column\" data-e-type=\"column\">\n\t\t\t<div class=\"elementor-widget-wrap elementor-element-populated\">\n\t\t\t\t\t\t<section class=\"elementor-section elementor-inner-section elementor-element elementor-element-7818258 elementor-section-boxed elementor-section-height-default elementor-section-height-default\" data-id=\"7818258\" data-element_type=\"section\" data-e-type=\"section\">\n\t\t\t\t\t\t<div class=\"elementor-container elementor-column-gap-default\">\n\t\t\t\t\t<div class=\"elementor-column elementor-col-100 elementor-inner-column elementor-element elementor-element-96668a4\" data-id=\"96668a4\" data-element_type=\"column\" data-e-type=\"column\" data-settings=\"{&quot;background_background&quot;:&quot;classic&quot;}\">\n\t\t\t<div class=\"elementor-widget-wrap elementor-element-populated\">\n\t\t\t\t\t\t<div class=\"elementor-element elementor-element-a89b988 elementor-widget elementor-widget-text-editor\" data-id=\"a89b988\" data-element_type=\"widget\" data-e-type=\"widget\" data-widget_type=\"text-editor.default\">\n\t\t\t\t<div class=\"elementor-widget-container\">\n\t\t\t\t\t\t\t\t\t<h1><strong>Los Estados Generales  <\/strong><\/h1>\n<h1><strong>de M\u00fasicas del Mundo<\/strong><\/h1>\n\t\t\t\t\t\t\t\t<\/div>\n\t\t\t\t<\/div>\n\t\t\t\t\t<\/div>\n\t\t<\/div>\n\t\t\t\t\t<\/div>\n\t\t<\/section>\n\t\t\t\t\t<\/div>\n\t\t<\/div>\n\t\t\t\t\t<\/div>\n\t\t<\/section>\n\t\t\t\t<section class=\"elementor-section elementor-top-section elementor-element elementor-element-585b10a elementor-section-boxed elementor-section-height-default elementor-section-height-default\" data-id=\"585b10a\" data-element_type=\"section\" data-e-type=\"section\" data-settings=\"{&quot;background_background&quot;:&quot;classic&quot;}\">\n\t\t\t\t\t\t<div class=\"elementor-container elementor-column-gap-default\">\n\t\t\t\t\t<div class=\"elementor-column elementor-col-100 elementor-top-column elementor-element elementor-element-f34e0d7\" data-id=\"f34e0d7\" data-element_type=\"column\" data-e-type=\"column\">\n\t\t\t<div class=\"elementor-widget-wrap elementor-element-populated\">\n\t\t\t\t\t\t<section class=\"elementor-section elementor-inner-section elementor-element elementor-element-27eff6a elementor-section-boxed elementor-section-height-default elementor-section-height-default\" data-id=\"27eff6a\" data-element_type=\"section\" data-e-type=\"section\">\n\t\t\t\t\t\t<div class=\"elementor-container elementor-column-gap-default\">\n\t\t\t\t\t<div class=\"elementor-column elementor-col-100 elementor-inner-column elementor-element elementor-element-6a34b55\" data-id=\"6a34b55\" data-element_type=\"column\" data-e-type=\"column\" data-settings=\"{&quot;background_background&quot;:&quot;classic&quot;}\">\n\t\t\t<div class=\"elementor-widget-wrap elementor-element-populated\">\n\t\t\t\t\t\t<div class=\"elementor-element elementor-element-42e6c61 elementor-widget elementor-widget-text-editor\" data-id=\"42e6c61\" data-element_type=\"widget\" data-e-type=\"widget\" data-widget_type=\"text-editor.default\">\n\t\t\t\t<div class=\"elementor-widget-container\">\n\t\t\t\t\t\t\t\t\t<p>Hace 10 a\u00f1os, Zone Franche con\u00adcluy\u00f3 sus \u00falti\u00admos \u00c9tats G\u00e9n\u00e9raux, tras tres encuen\u00adtros bien\u00adales en 2009 (en Sci\u00adences Po Par\u00eds), 2011 (en la Cit\u00e9 Nationale de l\u2019His\u00adtoire de l\u2019Im\u00admi\u00adgra\u00adtion) y&nbsp;2013 (en la Vil\u00adla M\u00e9diter\u00adran\u00e9e de Marsel\u00adla). Estos momen\u00adtos \u00e1lgi\u00addos reunieron a&nbsp;insti\u00adtu\u00adciones, actores, pro\u00adfe\u00adsion\u00adales y&nbsp;otras per\u00adsonas de todo el mun\u00addo. <\/p><p><br><\/p>\n<p>En el espa\u00adcio de 10 a\u00f1os, los efec\u00adtos de la glob\u00adal\u00adizaci\u00f3n han aumen\u00adta\u00addo, al igual que el auge de la iden\u00adti\u00addad y&nbsp;el nacional\u00adis\u00admo, la cri\u00adsis clim\u00e1ti\u00adca se ha con\u00adver\u00adtido en una emer\u00adgen\u00adcia, los equi\u00adlib\u00adrios geopol\u00edti\u00adcos han cam\u00adbi\u00ada\u00addo dr\u00e1s\u00adti\u00adca\u00admente y&nbsp;los movimien\u00adtos de poblaci\u00f3n est\u00e1n ponien\u00addo en tela de juicio la capaci\u00addad de los pa\u00eds\u00ades para acoger con dig\u00adnidad al \u201cotro\u201d, con su cul\u00adtura y&nbsp;los dere\u00adchos inher\u00adentes a&nbsp;su humanidad. As\u00ed que ya es hora de que actu\u00adal\u00adice\u00admos nue\u00adstro pen\u00adsamien\u00adto a&nbsp;las real\u00adi\u00addades del mun\u00addo actu\u00adal, y&nbsp;por tan\u00adto de la M\u00fasi\u00adca del Mun\u00addo. <\/p>\t\t\t\t\t\t\t\t<\/div>\n\t\t\t\t<\/div>\n\t\t\t\t\t<\/div>\n\t\t<\/div>\n\t\t\t\t\t<\/div>\n\t\t<\/section>\n\t\t\t\t<section class=\"elementor-section elementor-inner-section elementor-element elementor-element-d7f84a2 elementor-section-boxed elementor-section-height-default elementor-section-height-default\" data-id=\"d7f84a2\" data-element_type=\"section\" data-e-type=\"section\">\n\t\t\t\t\t\t<div class=\"elementor-container elementor-column-gap-default\">\n\t\t\t\t\t<div class=\"elementor-column elementor-col-50 elementor-inner-column elementor-element elementor-element-ebad533\" data-id=\"ebad533\" data-element_type=\"column\" data-e-type=\"column\" data-settings=\"{&quot;background_background&quot;:&quot;classic&quot;}\">\n\t\t\t<div class=\"elementor-widget-wrap elementor-element-populated\">\n\t\t\t\t\t\t<div class=\"elementor-element elementor-element-5d0fbec elementor-widget elementor-widget-text-editor\" data-id=\"5d0fbec\" data-element_type=\"widget\" data-e-type=\"widget\" data-widget_type=\"text-editor.default\">\n\t\t\t\t<div class=\"elementor-widget-container\">\n\t\t\t\t\t\t\t\t\t<p>El \u00c9tats G\u00e9n\u00e9raux des Musiques du Monde (Foro Mundi\u00adal de la M\u00fasi\u00adca) se cel\u00ade\u00adbrar\u00e1 en Fran\u00adcia y&nbsp;Ale\u00adma\u00adnia entre 2023 y&nbsp;2026. Hacien\u00addo bal\u00adance de la evolu\u00adci\u00f3n de los \u00falti\u00admos 10 a\u00f1os, se iden\u00adti\u00adfi\u00adcar\u00e1n los nuevos retos a&nbsp;los que se enfrenta el sec\u00adtor hoy y&nbsp;en el futuro. <\/p>\n\t\t\t\t\t\t\t\t<\/div>\n\t\t\t\t<\/div>\n\t\t\t\t\t<\/div>\n\t\t<\/div>\n\t\t\t\t<div class=\"elementor-column elementor-col-50 elementor-inner-column elementor-element elementor-element-6232eda\" data-id=\"6232eda\" data-element_type=\"column\" data-e-type=\"column\" data-settings=\"{&quot;background_background&quot;:&quot;classic&quot;}\">\n\t\t\t<div class=\"elementor-widget-wrap elementor-element-populated\">\n\t\t\t\t\t\t<div class=\"elementor-element elementor-element-47722f3 elementor-widget elementor-widget-image\" data-id=\"47722f3\" data-element_type=\"widget\" data-e-type=\"widget\" data-widget_type=\"image.default\">\n\t\t\t\t<div class=\"elementor-widget-container\">\n\t\t\t\t\t\t\t\t\t\t\t\t\t\t\t<img fetchpriority=\"high\" decoding=\"async\" width=\"800\" height=\"600\" src=\"https:\/\/www.zonefranche.com\/wp-content\/uploads\/2024\/03\/53212427383_5b3fa51ca1_o-1024x768.jpg\" class=\"attachment-large size-large wp-image-10551\" alt srcset=\"https:\/\/www.zonefranche.com\/wp-content\/uploads\/2024\/03\/53212427383_5b3fa51ca1_o-1024x768.jpg 1024w, https:\/\/www.zonefranche.com\/wp-content\/uploads\/2024\/03\/53212427383_5b3fa51ca1_o-300x225.jpg 300w, https:\/\/www.zonefranche.com\/wp-content\/uploads\/2024\/03\/53212427383_5b3fa51ca1_o-768x576.jpg 768w, https:\/\/www.zonefranche.com\/wp-content\/uploads\/2024\/03\/53212427383_5b3fa51ca1_o-1536x1152.jpg 1536w, https:\/\/www.zonefranche.com\/wp-content\/uploads\/2024\/03\/53212427383_5b3fa51ca1_o-2048x1536.jpg 2048w\" sizes=\"(max-width: 800px) 100vw, 800px\">\t\t\t\t\t\t\t\t\t\t\t\t\t\t\t<\/div>\n\t\t\t\t<\/div>\n\t\t\t\t\t<\/div>\n\t\t<\/div>\n\t\t\t\t\t<\/div>\n\t\t<\/section>\n\t\t\t\t<section class=\"elementor-section elementor-inner-section elementor-element elementor-element-56ecefa elementor-section-boxed elementor-section-height-default elementor-section-height-default\" data-id=\"56ecefa\" data-element_type=\"section\" data-e-type=\"section\">\n\t\t\t\t\t\t<div class=\"elementor-container elementor-column-gap-default\">\n\t\t\t\t\t<div class=\"elementor-column elementor-col-100 elementor-inner-column elementor-element elementor-element-6ebdd8c\" data-id=\"6ebdd8c\" data-element_type=\"column\" data-e-type=\"column\" data-settings=\"{&quot;background_background&quot;:&quot;classic&quot;}\">\n\t\t\t<div class=\"elementor-widget-wrap elementor-element-populated\">\n\t\t\t\t\t\t<div class=\"elementor-element elementor-element-d8403a2 elementor-widget elementor-widget-text-editor\" data-id=\"d8403a2\" data-element_type=\"widget\" data-e-type=\"widget\" data-widget_type=\"text-editor.default\">\n\t\t\t\t<div class=\"elementor-widget-container\">\n\t\t\t\t\t\t\t\t\t<h2 style=\"text-align: center;\"><b>PROGRAMA 2023 \u2014 2026<\/b><\/h2>\n<p>Hablar de M\u00fasi\u00adcas del Mun\u00addo es hablar de las cul\u00adturas del mun\u00addo y, por tan\u00adto, de nosotros mis\u00admos y&nbsp;de los dem\u00e1s. Es debatir sobre los inter\u00adcam\u00adbios y&nbsp;las rela\u00adciones inter\u00adcul\u00adtur\u00adales e&nbsp;interi\u00adden\u00adti\u00adtarias. Es val\u00ado\u00adrar la difer\u00aden\u00adcia frente a&nbsp;la estandarizaci\u00f3n. Se tra\u00adta de ele\u00adgir la aper\u00adtu\u00adra frente al retraimien\u00adto. Se tra\u00adta de hablar de las artes y&nbsp;las cul\u00adturas fuera de la l\u00f3g\u00adi\u00adca del mer\u00adca\u00addo. Se tra\u00adta de cues\u00adtionar la relaci\u00f3n entre la m\u00fasi\u00adca y&nbsp;la sociedad, y&nbsp;el poder pol\u00edti\u00adco y&nbsp;econ\u00f3mi\u00adco que ejerce para mold\u00adear iden\u00adti\u00addades e&nbsp;imag\u00adi\u00adna\u00adciones. Estas cues\u00adtiones, y&nbsp;muchas otras, cen\u00adtrar\u00e1n los numerosos encuen\u00adtros pro\u00adfe\u00adsion\u00adales, nacionales e&nbsp;inter\u00adna\u00adcionales, orga\u00adni\u00adza\u00addos en torno a&nbsp;4 grandes temas (uno cada a\u00f1o) y&nbsp;un encuen\u00adtro inter\u00adna\u00adcional orga\u00adni\u00adza\u00addo en Ale\u00adma\u00adnia.      <\/p>\n<h3><b>2023 (FRANCIA)<br><\/b><b>GEOPOL\u00cdTICA Y&nbsp;M\u00daSICA<\/b><\/h3>\n<p>\u25cf La coop\u00aderaci\u00f3n cul\u00adtur\u00adal (france\u00adsa, euro\u00adpea, inter\u00adna\u00adcional): entre el apoyo y&nbsp;los inter\u00adcam\u00adbios reales con los actores locales, o&nbsp;el poder blan\u00addo y&nbsp;la estandarizaci\u00f3n cul\u00adtur\u00adal art\u00eds\u00adti\u00adca y&nbsp;econ\u00f3mi\u00adca&nbsp;; \u25cf \u00bfQu\u00e9 lugar para la M\u00fasi\u00adca del Mun\u00addo en un mun\u00addo mul\u00adti\u00adpo\u00adlar de ten\u00adsiones diver\u00adsas&nbsp;? \u25cf Las din\u00e1mi\u00adcas de des\u00adcol\u00ado\u00adnizaci\u00f3n y&nbsp;retorno de obras&nbsp;: \u00bfqu\u00e9 pasa con el pat\u00adri\u00admo\u00adnio cul\u00adtur\u00adal inma\u00adte\u00adr\u00adi\u00adal y&nbsp;la m\u00fasi\u00adca&nbsp;? \u25cf M\u00fasi\u00adca y (im)migraci\u00f3n&nbsp;: las influ\u00aden\u00adcias y&nbsp;con\u00adflu\u00aden\u00adcias de la migraci\u00f3n en los sin\u00adcretismos musi\u00adcales, sociales y&nbsp;cul\u00adtur\u00adales.<\/p>\n<h3><b><br>2024 (FRANCIA): M\u00daSICA(S) Y&nbsp;CULTURA(S) EN EL CENTRO DE LA GLOBALIZACI\u00d3N Y&nbsp;LA L\u00d3GICA DEL MERCADO<\/b><\/h3>\n<p>\u25cf \u00bfPuede con\u00adtem\u00adplarse la cul\u00adtura a&nbsp;trav\u00e9s del pris\u00adma de las Indus\u00adtrias Cul\u00adtur\u00adales y&nbsp;Cre\u00adati\u00advas (ICC)? \u25cf \u00bfLos fen\u00f3\u00admenos de con\u00adcen\u00adtraci\u00f3n lig\u00ada\u00addos a&nbsp;la glob\u00adal\u00adizaci\u00f3n y&nbsp;sus con\u00adse\u00adcuen\u00adcias en la m\u00fasi\u00adca, los medios de comu\u00adni\u00adcaci\u00f3n, la sociedad, etc.?<\/p>\n<p>\u25cf \u00bfQu\u00e9 pasa con las pol\u00edti\u00adcas cul\u00adtur\u00adales p\u00fabli\u00adcas, en par\u00adtic\u00adu\u00adlar la m\u00fasi\u00adca, y&nbsp;su papel frente a&nbsp;los imper\u00ada\u00adtivos econ\u00f3mi\u00adcos y&nbsp;los dic\u00adta\u00addos europeos&nbsp;? ?<\/p>\n<h3><b><br>2025 (ALEMANIA): UNI\u00d3N DE ACTORES EUROPEOS DE LAS M\u00daSICAS DEL MUNDO<\/b><\/h3>\n<p>\u25cf<\/p>\n<p>Una jor\u00adna\u00adda de colab\u00ado\u00adraci\u00f3n con redes euro\u00adpeas para con\u00adstru\u00adir un man\u00adi\u00adfiesto a&nbsp;favor de las M\u00fasi\u00adcas del Mun\u00addo (ejem\u00adp\u00adlos de redes invi\u00adtadas&nbsp;: Zone Franche, FAMDT, EFN, Euro\u00adpean Music Coun\u00adcil, Forum of World\u00adwide Music Fes\u00adti\u00adval, Rete Ital\u00adiana World Music, Bel\u00adgium World\u00adwide Music, Hangve\u00adto, etc.).<\/p>\n<h3><b><br>2025 (FRANCIA): PUEBLOS Y&nbsp;CULTURAS<\/b><\/h3>\n<p>\u25cf M\u00fasi\u00adcos de aqu\u00ed y&nbsp;de otros lugares&nbsp;: m\u00fasi\u00adca pop\u00adu\u00adlar y&nbsp;di\u00e1s\u00adpo\u00adra&nbsp;; \u25cf \u00c9ti\u00adca y&nbsp;est\u00e9ti\u00adca de la insti\u00adtu\u00adcional\u00adizaci\u00f3n de la m\u00fasi\u00adca&nbsp;; \u25cf Dere\u00adchos cul\u00adtur\u00adales&nbsp;: \u00bfc\u00f3mo tra\u00adba\u00adjar con ellos, rein\u00adven\u00adtar\u00adlos e&nbsp;inter\u00adna\u00adcionalizar\u00adlos&nbsp;? \u25cf La trans\u00admisi\u00f3n, un reto para sal\u00adva\u00adguardar la diver\u00adsi\u00addad musi\u00adcal.<\/p>\n<h3><b><br>2026 (FRANCIA): M\u00daSICAS DEL MUNDO Y&nbsp;ETNOFUTURISMO<\/b><\/h3>\n<p>\u25cf Prin\u00adci\u00adp\u00adios y&nbsp;val\u00adores del etno\u00adfu\u00adtur\u00adis\u00admo&nbsp;; \u25cf Frag\u00adili\u00addad de las cul\u00adturas pop\u00adu\u00adlares&nbsp;: ante la desapari\u00adci\u00f3n de la m\u00fasi\u00adca, \u00bfun etno\u00adfu\u00adtur\u00adis\u00admo sal\u00advador&nbsp;? \u25cf Juven\u00adtud y&nbsp;dinamis\u00admo de la m\u00fasi\u00adca urbana de esen\u00adcia pat\u00adri\u00admo\u00adni\u00adal&nbsp;; \u25cf Por una des\u00adcol\u00ado\u00adnizaci\u00f3n de las platafor\u00admas dig\u00adi\u00adtales&nbsp;: \u00bfencon\u00adtrar\u00e1 la IA sus ra\u00edces pat\u00adri\u00admo\u00adni\u00adales&nbsp;?<\/p>\n\t\t\t\t\t\t\t\t<\/div>\n\t\t\t\t<\/div>\n\t\t\t\t\t<\/div>\n\t\t<\/div>\n\t\t\t\t\t<\/div>\n\t\t<\/section>\n\t\t\t\t\t<\/div>\n\t\t<\/div>\n\t\t\t\t\t<\/div>\n\t\t<\/section>\n\t\t\t\t<\/div>\n\t\t","protected":false},"excerpt":{"rendered":"<p>Los Esta\u00addos Gen\u00aderales de M\u00fasi\u00adcas del Mun\u00addo Hace 10 a\u00f1os, Zone Franche con\u00adcluy\u00f3 sus \u00falti\u00admos \u00c9tats G\u00e9n\u00e9raux, tras tres encuen\u00adtros bien\u00adales en 2009 (en Sci\u00adences Po Par\u00eds), 2011 (en la Cit\u00e9 Nationale de l\u2019His\u00adtoire de l\u2019Im\u00admi\u00adgra\u00adtion) y&nbsp;2013 (en la Vil\u00adla M\u00e9diter\u00adran\u00e9e de Marsel\u00adla). Estos momen\u00adtos \u00e1lgi\u00addos reunieron a&nbsp;insti\u00adtu\u00adciones, actores, pro\u00adfe\u00adsion\u00adales y&nbsp;otras per\u00adsonas de todo el [\u2026]<\/p>\n","protected":false},"author":1,"featured_media":0,"parent":34230,"menu_order":0,"comment_status":"closed","ping_status":"closed","template":"","meta":{"_acf_changed":false,"wp_typography_post_enhancements_disabled":false,"footnotes":""},"class_list":["post-34244","page","type-page","status-publish","hentry"],"acf":[],"_links":{"self":[{"href":"https:\/\/www.zonefranche.com\/es\/wp-json\/wp\/v2\/pages\/34244","targetHints":{"allow":["GET"]}}],"collection":[{"href":"https:\/\/www.zonefranche.com\/es\/wp-json\/wp\/v2\/pages"}],"about":[{"href":"https:\/\/www.zonefranche.com\/es\/wp-json\/wp\/v2\/types\/page"}],"author":[{"embeddable":true,"href":"https:\/\/www.zonefranche.com\/es\/wp-json\/wp\/v2\/users\/1"}],"replies":[{"embeddable":true,"href":"https:\/\/www.zonefranche.com\/es\/wp-json\/wp\/v2\/comments?post=34244"}],"version-history":[{"count":0,"href":"https:\/\/www.zonefranche.com\/es\/wp-json\/wp\/v2\/pages\/34244\/revisions"}],"up":[{"embeddable":true,"href":"https:\/\/www.zonefranche.com\/es\/wp-json\/wp\/v2\/pages\/34230"}],"wp:attachment":[{"href":"https:\/\/www.zonefranche.com\/es\/wp-json\/wp\/v2\/media?parent=34244"}],"curies":[{"name":"wp","href":"https:\/\/api.w.org\/{rel}","templated":true}]}}