{"id":34253,"date":"2023-12-19T15:38:19","date_gmt":"2023-12-19T14:38:19","guid":{"rendered":"https:\/\/www.zonefranche.com\/nuestras-acciones\/zona-franca-de-la-unesco-en-virtud-de-la-convencion-de-2005\/"},"modified":"2025-01-14T15:25:49","modified_gmt":"2025-01-14T14:25:49","slug":"zona-franca-de-la-unesco-en-virtud-de-la-convencion-de-2005","status":"publish","type":"page","link":"https:\/\/www.zonefranche.com\/es\/nuestras-acciones\/zona-franca-de-la-unesco-en-virtud-de-la-convencion-de-2005\/","title":{"rendered":"Zona Franca de la UNESCO en virtud de la Convenci\u00f3n de 2005"},"content":{"rendered":"\t\t<div data-elementor-type=\"wp-page\" data-elementor-id=\"34253\" class=\"elementor elementor-34253 elementor-2248\" data-elementor-post-type=\"page\">\n\t\t\t\t\t\t<section class=\"elementor-section elementor-top-section elementor-element elementor-element-5e3f6dc7 elementor-section-height-min-height elementor-section-boxed elementor-section-height-default elementor-section-items-middle\" data-id=\"5e3f6dc7\" data-element_type=\"section\" data-settings=\"{&quot;background_background&quot;:&quot;classic&quot;}\">\n\t\t\t\t\t\t<div class=\"elementor-container elementor-column-gap-default\">\n\t\t\t\t\t<div class=\"elementor-column elementor-col-100 elementor-top-column elementor-element elementor-element-4a0631ee\" data-id=\"4a0631ee\" data-element_type=\"column\">\n\t\t\t<div class=\"elementor-widget-wrap elementor-element-populated\">\n\t\t\t\t\t\t<section class=\"elementor-section elementor-inner-section elementor-element elementor-element-726cba4a elementor-section-boxed elementor-section-height-default elementor-section-height-default\" data-id=\"726cba4a\" data-element_type=\"section\">\n\t\t\t\t\t\t<div class=\"elementor-container elementor-column-gap-default\">\n\t\t\t\t\t<div class=\"elementor-column elementor-col-100 elementor-inner-column elementor-element elementor-element-40c4f835\" data-id=\"40c4f835\" data-element_type=\"column\" data-settings=\"{&quot;background_background&quot;:&quot;classic&quot;}\">\n\t\t\t<div class=\"elementor-widget-wrap elementor-element-populated\">\n\t\t\t\t\t\t<div class=\"elementor-element elementor-element-721584da elementor-widget elementor-widget-text-editor\" data-id=\"721584da\" data-element_type=\"widget\" data-widget_type=\"text-editor.default\">\n\t\t\t\t<div class=\"elementor-widget-container\">\n\t\t\t\t\t\t\t\t\t<h1>Zona Franca de la UNESCO&nbsp;<\/h1>\n<h1>en virtud de la Convenci\u00f3n de 2005<\/h1>\n\t\t\t\t\t\t\t\t<\/div>\n\t\t\t\t<\/div>\n\t\t\t\t\t<\/div>\n\t\t<\/div>\n\t\t\t\t\t<\/div>\n\t\t<\/section>\n\t\t\t\t\t<\/div>\n\t\t<\/div>\n\t\t\t\t\t<\/div>\n\t\t<\/section>\n\t\t\t\t<section class=\"elementor-section elementor-top-section elementor-element elementor-element-47f96407 elementor-section-boxed elementor-section-height-default elementor-section-height-default\" data-id=\"47f96407\" data-element_type=\"section\" data-settings=\"{&quot;background_background&quot;:&quot;classic&quot;}\">\n\t\t\t\t\t\t<div class=\"elementor-container elementor-column-gap-default\">\n\t\t\t\t\t<div class=\"elementor-column elementor-col-100 elementor-top-column elementor-element elementor-element-7c9dc6d6\" data-id=\"7c9dc6d6\" data-element_type=\"column\">\n\t\t\t<div class=\"elementor-widget-wrap elementor-element-populated\">\n\t\t\t\t\t\t<section class=\"elementor-section elementor-inner-section elementor-element elementor-element-73580de0 elementor-section-boxed elementor-section-height-default elementor-section-height-default\" data-id=\"73580de0\" data-element_type=\"section\">\n\t\t\t\t\t\t<div class=\"elementor-container elementor-column-gap-default\">\n\t\t\t\t\t<div class=\"elementor-column elementor-col-100 elementor-inner-column elementor-element elementor-element-58ac9729\" data-id=\"58ac9729\" data-element_type=\"column\" data-settings=\"{&quot;background_background&quot;:&quot;classic&quot;}\">\n\t\t\t<div class=\"elementor-widget-wrap elementor-element-populated\">\n\t\t\t\t\t\t<div class=\"elementor-element elementor-element-144a2d6c elementor-widget elementor-widget-text-editor\" data-id=\"144a2d6c\" data-element_type=\"widget\" data-widget_type=\"text-editor.default\">\n\t\t\t\t<div class=\"elementor-widget-container\">\n\t\t\t\t\t\t\t\t\t<p>Zone Franche es una de las orga\u00adni\u00adza\u00adciones inter\u00adna\u00adcionales de la sociedad civ\u00adil con dere\u00adcho a&nbsp;asi\u00ads\u00adtir a&nbsp;los \u00f3rganos y&nbsp;sesiones de las partes de la Con\u00adven\u00adci\u00f3n de 2005 sobre la Pro\u00adtec\u00adci\u00f3n y&nbsp;Pro\u00admo\u00adci\u00f3n de la Diver\u00adsi\u00addad de las Expre\u00adsiones Cul\u00adtur\u00adales (UNESCO).<\/p><p><br><\/p>\n<p><\/p>\n<p>Como tal, par\u00adtic\u00adi\u00adpa en los tra\u00adba\u00adjos de la Coor\u00addi\u00adnaci\u00f3n Mundi\u00adal de las OSC para la Con\u00adven\u00adci\u00f3n de la UNESCO de 2005, bien antes de las sesiones de las partes o&nbsp;del foro de las OSC, bien durante, o&nbsp;despu\u00e9s (revisi\u00f3n). Este \u00f3rgano es esen\u00adcial porque per\u00admite a&nbsp;las dis\u00adtin\u00adtas orga\u00adni\u00adza\u00adciones de la sociedad civ\u00adil debatir sus temas y&nbsp;coor\u00addi\u00adnar sus acciones y\/o posi\u00adciones durante las sesiones de las partes de la Con\u00adven\u00adci\u00f3n. <\/p><p><br><\/p>\n<p><\/p>\n<p>La red par\u00adtic\u00adi\u00adpa tam\u00adbi\u00e9n en el Foro de Orga\u00adni\u00adza\u00adciones de la Sociedad Civ\u00adil sobre la Pro\u00adtec\u00adci\u00f3n y&nbsp;Pro\u00admo\u00adci\u00f3n de la Diver\u00adsi\u00addad de las Expre\u00adsiones Cul\u00adtur\u00adales. El obje\u00adti\u00advo del Foro es pro\u00adpor\u00adcionar un espa\u00adcio para que los actores de la sociedad civ\u00adil tra\u00adba\u00adjen jun\u00adtos para iden\u00adti\u00adficar acciones comunes basadas en los prin\u00adci\u00adpales ejes de la Con\u00adven\u00adci\u00f3n de la UNESCO de 2005. <\/p>\t\t\t\t\t\t\t\t<\/div>\n\t\t\t\t<\/div>\n\t\t\t\t\t<\/div>\n\t\t<\/div>\n\t\t\t\t\t<\/div>\n\t\t<\/section>\n\t\t\t\t<section class=\"elementor-section elementor-inner-section elementor-element elementor-element-3a00ce2c elementor-section-boxed elementor-section-height-default elementor-section-height-default\" data-id=\"3a00ce2c\" data-element_type=\"section\">\n\t\t\t\t\t\t<div class=\"elementor-container elementor-column-gap-default\">\n\t\t\t\t\t<div class=\"elementor-column elementor-col-100 elementor-inner-column elementor-element elementor-element-51c0d9b3\" data-id=\"51c0d9b3\" data-element_type=\"column\" data-settings=\"{&quot;background_background&quot;:&quot;classic&quot;}\">\n\t\t\t<div class=\"elementor-widget-wrap elementor-element-populated\">\n\t\t\t\t\t\t<div class=\"elementor-element elementor-element-632687e9 elementor-widget elementor-widget-text-editor\" data-id=\"632687e9\" data-element_type=\"widget\" data-widget_type=\"text-editor.default\">\n\t\t\t\t<div class=\"elementor-widget-container\">\n\t\t\t\t\t\t\t\t\t<p>De este modo, Zone Franche act\u00faa al m\u00e1s alto niv\u00adel de los organ\u00adis\u00admos inter\u00adna\u00adcionales para pro\u00admover la diver\u00adsi\u00addad de las expre\u00adsiones cul\u00adtur\u00adales, en par\u00adtic\u00adu\u00adlar la m\u00fasi\u00adca.<\/p>\n\t\t\t\t\t\t\t\t<\/div>\n\t\t\t\t<\/div>\n\t\t\t\t\t<\/div>\n\t\t<\/div>\n\t\t\t\t\t<\/div>\n\t\t<\/section>\n\t\t\t\t\t<\/div>\n\t\t<\/div>\n\t\t\t\t\t<\/div>\n\t\t<\/section>\n\t\t\t\t<\/div>\n\t\t","protected":false},"excerpt":{"rendered":"<p>Zona Fran\u00adca de la UNESCO&nbsp; en vir\u00adtud de la Con\u00adven\u00adci\u00f3n de 2005 Zone Franche es una de las orga\u00adni\u00adza\u00adciones inter\u00adna\u00adcionales de la sociedad civ\u00adil con dere\u00adcho a&nbsp;asi\u00ads\u00adtir a&nbsp;los \u00f3rganos y&nbsp;sesiones de las partes de la Con\u00adven\u00adci\u00f3n de 2005 sobre la Pro\u00adtec\u00adci\u00f3n y&nbsp;Pro\u00admo\u00adci\u00f3n de la Diver\u00adsi\u00addad de las Expre\u00adsiones Cul\u00adtur\u00adales (UNESCO). Como tal, par\u00adtic\u00adi\u00adpa en los [\u2026]<\/p>\n","protected":false},"author":1,"featured_media":0,"parent":34230,"menu_order":0,"comment_status":"closed","ping_status":"closed","template":"","meta":{"_acf_changed":false,"wp_typography_post_enhancements_disabled":false,"footnotes":""},"class_list":["post-34253","page","type-page","status-publish","hentry"],"acf":[],"_links":{"self":[{"href":"https:\/\/www.zonefranche.com\/es\/wp-json\/wp\/v2\/pages\/34253","targetHints":{"allow":["GET"]}}],"collection":[{"href":"https:\/\/www.zonefranche.com\/es\/wp-json\/wp\/v2\/pages"}],"about":[{"href":"https:\/\/www.zonefranche.com\/es\/wp-json\/wp\/v2\/types\/page"}],"author":[{"embeddable":true,"href":"https:\/\/www.zonefranche.com\/es\/wp-json\/wp\/v2\/users\/1"}],"replies":[{"embeddable":true,"href":"https:\/\/www.zonefranche.com\/es\/wp-json\/wp\/v2\/comments?post=34253"}],"version-history":[{"count":0,"href":"https:\/\/www.zonefranche.com\/es\/wp-json\/wp\/v2\/pages\/34253\/revisions"}],"up":[{"embeddable":true,"href":"https:\/\/www.zonefranche.com\/es\/wp-json\/wp\/v2\/pages\/34230"}],"wp:attachment":[{"href":"https:\/\/www.zonefranche.com\/es\/wp-json\/wp\/v2\/media?parent=34253"}],"curies":[{"name":"wp","href":"https:\/\/api.w.org\/{rel}","templated":true}]}}