{"id":34430,"date":"2023-08-31T13:09:08","date_gmt":"2023-08-31T11:09:08","guid":{"rendered":"https:\/\/www.zonefranche.com\/recursos\/"},"modified":"2025-01-14T15:43:04","modified_gmt":"2025-01-14T14:43:04","slug":"recursos","status":"publish","type":"page","link":"https:\/\/www.zonefranche.com\/es\/recursos\/","title":{"rendered":"Recursos"},"content":{"rendered":"\t\t<div data-elementor-type=\"wp-page\" data-elementor-id=\"34430\" class=\"elementor elementor-34430 elementor-22\" data-elementor-post-type=\"page\">\n\t\t\t\t\t\t<section class=\"elementor-section elementor-top-section elementor-element elementor-element-42a6de6 elementor-section-boxed elementor-section-height-default elementor-section-height-default\" data-id=\"42a6de6\" data-element_type=\"section\" data-e-type=\"section\" data-settings=\"{&quot;background_background&quot;:&quot;classic&quot;}\">\n\t\t\t\t\t\t<div class=\"elementor-container elementor-column-gap-default\">\n\t\t\t\t\t<div class=\"elementor-column elementor-col-100 elementor-top-column elementor-element elementor-element-a3fb4d0\" data-id=\"a3fb4d0\" data-element_type=\"column\" data-e-type=\"column\">\n\t\t\t<div class=\"elementor-widget-wrap elementor-element-populated\">\n\t\t\t\t\t\t<section class=\"elementor-section elementor-inner-section elementor-element elementor-element-dee0b54 elementor-section-boxed elementor-section-height-default elementor-section-height-default\" data-id=\"dee0b54\" data-element_type=\"section\" data-e-type=\"section\">\n\t\t\t\t\t\t<div class=\"elementor-container elementor-column-gap-default\">\n\t\t\t\t\t<div class=\"elementor-column elementor-col-100 elementor-inner-column elementor-element elementor-element-e4a4705\" data-id=\"e4a4705\" data-element_type=\"column\" data-e-type=\"column\" data-settings=\"{&quot;background_background&quot;:&quot;classic&quot;}\">\n\t\t\t<div class=\"elementor-widget-wrap elementor-element-populated\">\n\t\t\t\t\t\t<div class=\"elementor-element elementor-element-68c2c1d elementor-widget elementor-widget-text-editor\" data-id=\"68c2c1d\" data-element_type=\"widget\" data-e-type=\"widget\" data-widget_type=\"text-editor.default\">\n\t\t\t\t<div class=\"elementor-widget-container\">\n\t\t\t\t\t\t\t\t\t<h2><strong><span style=\"color: #877db4;\">Recursos<\/span><\/strong><\/h2>\n\t\t\t\t\t\t\t\t<\/div>\n\t\t\t\t<\/div>\n\t\t\t\t<div class=\"elementor-element elementor-element-74f4e75 ressources elementor-widget elementor-widget-accordion\" data-id=\"74f4e75\" data-element_type=\"widget\" data-e-type=\"widget\" data-widget_type=\"accordion.default\">\n\t\t\t\t<div class=\"elementor-widget-container\">\n\t\t\t\t\t\t\t<div class=\"elementor-accordion\">\n\t\t\t\t\t\t\t<div class=\"elementor-accordion-item\">\n\t\t\t\t\t<div id=\"elementor-tab-title-1221\" class=\"elementor-tab-title\" data-tab=\"1\" role=\"button\" aria-controls=\"elementor-tab-content-1221\" aria-expanded=\"false\">\n\t\t\t\t\t\t\t\t\t\t\t\t\t<span class=\"elementor-accordion-icon elementor-accordion-icon-right\" aria-hidden=\"true\">\n\t\t\t\t\t\t\t\t\t\t\t\t\t\t\t<span class=\"elementor-accordion-icon-closed\"><i class=\"fas fa-plus-circle\"><\/i><\/span>\n\t\t\t\t\t\t\t\t<span class=\"elementor-accordion-icon-opened\"><i class=\"fas fa-minus-circle\"><\/i><\/span>\n\t\t\t\t\t\t\t\t\t\t\t\t\t\t<\/span>\n\t\t\t\t\t\t\t\t\t\t\t\t<a class=\"elementor-accordion-title\" tabindex=\"0\">  Los Esta\u00addos Gen\u00aderales de las M\u00fasi\u00adcas del Mun\u00addo<\/a>\n\t\t\t\t\t<\/div>\n\t\t\t\t\t<div id=\"elementor-tab-content-1221\" class=\"elementor-tab-content elementor-clearfix\" data-tab=\"1\" role=\"region\" aria-labelledby=\"elementor-tab-title-1221\"><ul>\n<li><a href=\"https:\/\/www.zonefranche.com\/wp-content\/uploads\/2024\/03\/EG-2023-Syntheses.pdf\" target=\"_blank\" rel=\"noopener\">2023 \u2014 Esta\u00addos Gen\u00aderales \u2014 Segun\u00adda Edi\u00adci\u00f3n \u2014 Acto 1&nbsp;: \u201cGeopol\u00edti\u00adca y&nbsp;M\u00fasi\u00adca\u201d \u2014 Los Sumar\u00adios<\/a><\/li>\n<li><a href=\"https:\/\/www.youtube.com\/playlist?list=PL9yd2YcfMA9VeG9oYGqCPiwcc0nei9HeA\" target=\"_blank\" rel=\"noopener\">2023 \u2014 Esta\u00addos Gen\u00aderales \u2014 Segun\u00adda Edi\u00adci\u00f3n \u2014 Acto 1&nbsp;: \u201cGeopol\u00edti\u00adca y&nbsp;M\u00fasi\u00adca\u201d \u2014 Pod\u00adcast de las reuniones \u00ednte\u00adgras<\/a><\/li>\n<li><a href=\"https:\/\/www.zonefranche.com\/wp-content\/uploads\/2024\/01\/2013-Etats-Generaux-Premiere-Edition-Troisieme-Volet-.pdf\">2013 \u2014 Pat\u00adri\u00admo\u00adnio Gen\u00ader\u00adal \u2014 Primera Edi\u00adci\u00f3n \u2014 Ter\u00adcera Parte<\/a><\/li>\n<li><a href=\"https:\/\/www.zonefranche.com\/wp-content\/uploads\/2024\/01\/2011-Etats-Generaux-Premiere-Edition-Deuxieme-Volet-.pdf\">2011 \u2014 \u00c9tats G\u00e9n\u00e9raux \u2014 Primera edi\u00adci\u00f3n \u2014 Segun\u00adda parte<\/a><\/li>\n<li><a href=\"https:\/\/www.zonefranche.com\/wp-content\/uploads\/2024\/01\/2009-Etats-Generaux-Premiere-Edition-Premier-Volet.pdf\">2009 \u2014 \u00c9tats G\u00e9n\u00e9raux \u2014 Primera edi\u00adci\u00f3n \u2014 Primera parte<\/a><\/li>\n<\/ul>\n<\/div>\n\t\t\t\t<\/div>\n\t\t\t\t\t\t\t<div class=\"elementor-accordion-item\">\n\t\t\t\t\t<div id=\"elementor-tab-title-1222\" class=\"elementor-tab-title\" data-tab=\"2\" role=\"button\" aria-controls=\"elementor-tab-content-1222\" aria-expanded=\"false\">\n\t\t\t\t\t\t\t\t\t\t\t\t\t<span class=\"elementor-accordion-icon elementor-accordion-icon-right\" aria-hidden=\"true\">\n\t\t\t\t\t\t\t\t\t\t\t\t\t\t\t<span class=\"elementor-accordion-icon-closed\"><i class=\"fas fa-plus-circle\"><\/i><\/span>\n\t\t\t\t\t\t\t\t<span class=\"elementor-accordion-icon-opened\"><i class=\"fas fa-minus-circle\"><\/i><\/span>\n\t\t\t\t\t\t\t\t\t\t\t\t\t\t<\/span>\n\t\t\t\t\t\t\t\t\t\t\t\t<a class=\"elementor-accordion-title\" tabindex=\"0\">Reuniones de \u00a1Franche\u00adment&nbsp;! y&nbsp;otros asun\u00adtos pro\u00adfe\u00adsion\u00adales<\/a>\n\t\t\t\t\t<\/div>\n\t\t\t\t\t<div id=\"elementor-tab-content-1222\" class=\"elementor-tab-content elementor-clearfix\" data-tab=\"2\" role=\"region\" aria-labelledby=\"elementor-tab-title-1222\"><ul>\n<li><a href=\"https:\/\/www.zonefranche.com\/wp-content\/uploads\/2024\/01\/2022-Syntheses-%C2%A1Franchement-2.pdf\">2022 \u2014 Resumen \u00a1Franche\u00adment&nbsp;! <\/a><\/li>\n<li><a href=\"https:\/\/www.zonefranche.com\/wp-content\/uploads\/2024\/01\/2021-Syntheses-%C2%A1Franchement-1.pdf\">2021 \u2014 Resumen \u00a1Franche\u00adment&nbsp;! <\/a><\/li>\n<\/ul>\n<\/div>\n\t\t\t\t<\/div>\n\t\t\t\t\t\t\t<div class=\"elementor-accordion-item\">\n\t\t\t\t\t<div id=\"elementor-tab-title-1223\" class=\"elementor-tab-title\" data-tab=\"3\" role=\"button\" aria-controls=\"elementor-tab-content-1223\" aria-expanded=\"false\">\n\t\t\t\t\t\t\t\t\t\t\t\t\t<span class=\"elementor-accordion-icon elementor-accordion-icon-right\" aria-hidden=\"true\">\n\t\t\t\t\t\t\t\t\t\t\t\t\t\t\t<span class=\"elementor-accordion-icon-closed\"><i class=\"fas fa-plus-circle\"><\/i><\/span>\n\t\t\t\t\t\t\t\t<span class=\"elementor-accordion-icon-opened\"><i class=\"fas fa-minus-circle\"><\/i><\/span>\n\t\t\t\t\t\t\t\t\t\t\t\t\t\t<\/span>\n\t\t\t\t\t\t\t\t\t\t\t\t<a class=\"elementor-accordion-title\" tabindex=\"0\">Diver\u00adsi\u00addad cul\u00adtur\u00adal y&nbsp;musi\u00adcal<\/a>\n\t\t\t\t\t<\/div>\n\t\t\t\t\t<div id=\"elementor-tab-content-1223\" class=\"elementor-tab-content elementor-clearfix\" data-tab=\"3\" role=\"region\" aria-labelledby=\"elementor-tab-title-1223\"><ul>\n<li><a href=\"https:\/\/www.zonefranche.com\/wp-content\/uploads\/2024\/01\/2023-Libre-circulation-des-artistes-_-de-la-theorie-a-la-realite.pdf\">2023 \u2014 Libre cir\u00adcu\u00adlaci\u00f3n de artis\u00adtas&nbsp;: de la teor\u00eda a&nbsp;la real\u00adi\u00addad<\/a><\/li>\n<li><a href=\"https:\/\/www.zonefranche.com\/wp-content\/uploads\/2024\/01\/2022-%E2%80%93-Guide-pratique-des-Visas.pdf\">2022 \u2014 Gu\u00eda pr\u00e1c\u00adti\u00adca de visa\u00addos<\/a><\/li>\n<li><a href=\"https:\/\/www.zonefranche.com\/wp-content\/uploads\/2024\/01\/2022-Rencontre-Reseau-_-Diversite-avec-la-FAMDT.pdf\">2022 \u2014 Reuni\u00f3n de la Red \u2014 Defen\u00adsa de la Diver\u00adsi\u00addad con la FAMDT<\/a><\/li>\n<\/ul>\n<\/div>\n\t\t\t\t<\/div>\n\t\t\t\t\t\t\t<div class=\"elementor-accordion-item\">\n\t\t\t\t\t<div id=\"elementor-tab-title-1224\" class=\"elementor-tab-title\" data-tab=\"4\" role=\"button\" aria-controls=\"elementor-tab-content-1224\" aria-expanded=\"false\">\n\t\t\t\t\t\t\t\t\t\t\t\t\t<span class=\"elementor-accordion-icon elementor-accordion-icon-right\" aria-hidden=\"true\">\n\t\t\t\t\t\t\t\t\t\t\t\t\t\t\t<span class=\"elementor-accordion-icon-closed\"><i class=\"fas fa-plus-circle\"><\/i><\/span>\n\t\t\t\t\t\t\t\t<span class=\"elementor-accordion-icon-opened\"><i class=\"fas fa-minus-circle\"><\/i><\/span>\n\t\t\t\t\t\t\t\t\t\t\t\t\t\t<\/span>\n\t\t\t\t\t\t\t\t\t\t\t\t<a class=\"elementor-accordion-title\" tabindex=\"0\">Ecor\u00adre\u00adspon\u00ads\u00adabil\u00adi\u00addad<\/a>\n\t\t\t\t\t<\/div>\n\t\t\t\t\t<div id=\"elementor-tab-content-1224\" class=\"elementor-tab-content elementor-clearfix\" data-tab=\"4\" role=\"region\" aria-labelledby=\"elementor-tab-title-1224\"><ul>\n<li><a href=\"https:\/\/www.zonefranche.com\/wp-content\/uploads\/2024\/01\/2022-Plaidoyer-de-la-mini-Convention-Climat-%E2%80%93-Version-EN.pdf\">2022 \u2014 Ale\u00adga\u00adto a&nbsp;favor de una (mini) Con\u00adven\u00adci\u00f3n sobre el Cli\u00adma \u2014 Ver\u00adsi\u00f3n EN<\/a><\/li>\n<li><a href=\"https:\/\/www.zonefranche.com\/wp-content\/uploads\/2024\/01\/2022-Plaidoyer-de-la-mini-Convention-Climat-%E2%80%93-Version-FR.pdf\">2022 \u2014 Ale\u00adga\u00adto a&nbsp;favor de una (mini) Con\u00adven\u00adci\u00f3n sobre el Cli\u00adma \u2014 Ver\u00adsi\u00f3n FR<\/a><\/li>\n<li><a href=\"https:\/\/www.zonefranche.com\/wp-content\/uploads\/2024\/01\/2022-Rapport-de-la-mini-Convention-Climat.pdf\">2022 \u2014 Informe de la (mini) Con\u00adven\u00adci\u00f3n sobre el Cli\u00adma<\/a><\/li>\n<li><a href=\"https:\/\/www.zonefranche.com\/wp-content\/uploads\/2024\/01\/2021-Lancement-de-la-mini-Convention-Climat.pdf\">2021 \u2014 Lan\u00adza\u00admien\u00adto de la (mini) Con\u00adven\u00adci\u00f3n sobre el Cli\u00adma<\/a><\/li>\n<li><a href=\"https:\/\/www.zonefranche.com\/wp-content\/uploads\/2024\/01\/2020-Rencontre-Reseau-Leco-responsabilite-dans-les-Musiques-du-Monde.pdf\">Reuni\u00f3n de la Red 2020 _&nbsp;La ecor\u00adre\u00adspon\u00ads\u00adabil\u00adi\u00addad en la m\u00fasi\u00adca del mun\u00addo<\/a><\/li>\n<\/ul>\n<\/div>\n\t\t\t\t<\/div>\n\t\t\t\t\t\t\t<div class=\"elementor-accordion-item\">\n\t\t\t\t\t<div id=\"elementor-tab-title-1225\" class=\"elementor-tab-title\" data-tab=\"5\" role=\"button\" aria-controls=\"elementor-tab-content-1225\" aria-expanded=\"false\">\n\t\t\t\t\t\t\t\t\t\t\t\t\t<span class=\"elementor-accordion-icon elementor-accordion-icon-right\" aria-hidden=\"true\">\n\t\t\t\t\t\t\t\t\t\t\t\t\t\t\t<span class=\"elementor-accordion-icon-closed\"><i class=\"fas fa-plus-circle\"><\/i><\/span>\n\t\t\t\t\t\t\t\t<span class=\"elementor-accordion-icon-opened\"><i class=\"fas fa-minus-circle\"><\/i><\/span>\n\t\t\t\t\t\t\t\t\t\t\t\t\t\t<\/span>\n\t\t\t\t\t\t\t\t\t\t\t\t<a class=\"elementor-accordion-title\" tabindex=\"0\">Igual\u00addad entre hom\u00adbres y&nbsp;mujeres<\/a>\n\t\t\t\t\t<\/div>\n\t\t\t\t\t<div id=\"elementor-tab-content-1225\" class=\"elementor-tab-content elementor-clearfix\" data-tab=\"5\" role=\"region\" aria-labelledby=\"elementor-tab-title-1225\"><ul>\n<li><a href=\"https:\/\/www.zonefranche.com\/wp-content\/uploads\/2024\/01\/2022-Fiches-pratiques-prevention-des-VSS-dans-les-metiers-de-la-musique.pdf\">2022 \u2014 Fichas pr\u00e1c\u00adti\u00adcas sobre la pre\u00adven\u00adci\u00f3n de la SSV en la indus\u00adtria musi\u00adcal<\/a><\/li>\n<li><a href=\"https:\/\/www.zonefranche.com\/wp-content\/uploads\/2024\/01\/2021-Guide-de-prevention-des-violences-sexistes-et-sexuelles.pdf\">2021 \u2014 Gu\u00eda para pre\u00advenir la vio\u00adlen\u00adcia de g\u00e9nero y&nbsp;sex\u00adu\u00adal<\/a><\/li>\n<li><a href=\"https:\/\/www.zonefranche.com\/wp-content\/uploads\/2024\/01\/2020-Cellule-decoute-Audience.pdf\">2020 \u2014 Unidad de escucha Audi\u00adci\u00f3n<\/a><\/li>\n<li><a href=\"https:\/\/www.zonefranche.com\/wp-content\/uploads\/2024\/01\/2020-Guide-employeur.es-_-harcelement-sexuel-au-travail.pdf\">2020 \u2014 Gu\u00eda para empre\u00adsar\u00adios _&nbsp;acoso sex\u00adu\u00adal en el tra\u00adba\u00adjo<\/a><\/li>\n<li><a href=\"https:\/\/www.zonefranche.com\/wp-content\/uploads\/2024\/01\/2020-Livret-de-formation-_-harcelement-sexuel-au-travail.pdf\">2020 \u2014 Fol\u00adleto de for\u00adma\u00adci\u00f3n _&nbsp;acoso sex\u00adu\u00adal en el tra\u00adba\u00adjo<\/a><\/li>\n<li><a href=\"https:\/\/www.zonefranche.com\/wp-content\/uploads\/2024\/01\/2019-Rencontre-Reseau-Focus-Femmes-_-Hommes.pdf\">2019 \u2014 Reuni\u00f3n de la Red Focus Mujeres _&nbsp;Hom\u00adbres<\/a><\/li>\n<\/ul>\n<\/div>\n\t\t\t\t<\/div>\n\t\t\t\t\t\t\t<div class=\"elementor-accordion-item\">\n\t\t\t\t\t<div id=\"elementor-tab-title-1226\" class=\"elementor-tab-title\" data-tab=\"6\" role=\"button\" aria-controls=\"elementor-tab-content-1226\" aria-expanded=\"false\">\n\t\t\t\t\t\t\t\t\t\t\t\t\t<span class=\"elementor-accordion-icon elementor-accordion-icon-right\" aria-hidden=\"true\">\n\t\t\t\t\t\t\t\t\t\t\t\t\t\t\t<span class=\"elementor-accordion-icon-closed\"><i class=\"fas fa-plus-circle\"><\/i><\/span>\n\t\t\t\t\t\t\t\t<span class=\"elementor-accordion-icon-opened\"><i class=\"fas fa-minus-circle\"><\/i><\/span>\n\t\t\t\t\t\t\t\t\t\t\t\t\t\t<\/span>\n\t\t\t\t\t\t\t\t\t\t\t\t<a class=\"elementor-accordion-title\" tabindex=\"0\">#Aux\u00adSons<\/a>\n\t\t\t\t\t<\/div>\n\t\t\t\t\t<div id=\"elementor-tab-content-1226\" class=\"elementor-tab-content elementor-clearfix\" data-tab=\"6\" role=\"region\" aria-labelledby=\"elementor-tab-title-1226\"><ul>\n<li><a href=\"https:\/\/www.zonefranche.com\/wp-content\/uploads\/2024\/01\/2022-Cahier-AuxSons-3.pdf\">2022 \u2014 Cuader\u00adno #Aux\u00adSons #3<\/a><\/li>\n<li><a href=\"https:\/\/www.zonefranche.com\/wp-content\/uploads\/2024\/01\/2021-Cahier-AuxSons-2.pdf\">2021 \u2014 Cuader\u00adno #Aux\u00adSons n\u00ba 2<\/a><\/li>\n<li><a href=\"https:\/\/www.zonefranche.com\/wp-content\/uploads\/2024\/01\/2020-Cahier-AuxSons-1.pdf\">2020 \u2014 Libro sonoro n\u00ba 1<\/a><\/li>\n<\/ul>\n<\/div>\n\t\t\t\t<\/div>\n\t\t\t\t\t\t\t<div class=\"elementor-accordion-item\">\n\t\t\t\t\t<div id=\"elementor-tab-title-1227\" class=\"elementor-tab-title\" data-tab=\"7\" role=\"button\" aria-controls=\"elementor-tab-content-1227\" aria-expanded=\"false\">\n\t\t\t\t\t\t\t\t\t\t\t\t\t<span class=\"elementor-accordion-icon elementor-accordion-icon-right\" aria-hidden=\"true\">\n\t\t\t\t\t\t\t\t\t\t\t\t\t\t\t<span class=\"elementor-accordion-icon-closed\"><i class=\"fas fa-plus-circle\"><\/i><\/span>\n\t\t\t\t\t\t\t\t<span class=\"elementor-accordion-icon-opened\"><i class=\"fas fa-minus-circle\"><\/i><\/span>\n\t\t\t\t\t\t\t\t\t\t\t\t\t\t<\/span>\n\t\t\t\t\t\t\t\t\t\t\t\t<a class=\"elementor-accordion-title\" tabindex=\"0\">Doc\u00adu\u00admen\u00adtos clave \/ Cor\u00adpus jur\u00eddi\u00adco<\/a>\n\t\t\t\t\t<\/div>\n\t\t\t\t\t<div id=\"elementor-tab-content-1227\" class=\"elementor-tab-content elementor-clearfix\" data-tab=\"7\" role=\"region\" aria-labelledby=\"elementor-tab-title-1227\"><ul>\n<li><a href=\"https:\/\/www.zonefranche.com\/wp-content\/uploads\/2024\/01\/2007-Declaration-de-Fribourg.pdf\">2007 \u2014 Declaraci\u00f3n de Fribur\u00adgo<\/a><\/li>\n<li><a href=\"https:\/\/www.zonefranche.com\/wp-content\/uploads\/2024\/01\/2005-Convention-sur-la-protection-et-la-promotion-de-la-diversite-des-expressions-culturelles.pdf\">2005 \u2014 Con\u00adven\u00adci\u00f3n de la UNESCO sobre la Pro\u00adtec\u00adci\u00f3n y&nbsp;Pro\u00admo\u00adci\u00f3n de la Diver\u00adsi\u00addad de las Expre\u00adsiones Cul\u00adtur\u00adales<\/a><\/li>\n<li><a href=\"https:\/\/www.zonefranche.com\/wp-content\/uploads\/2024\/01\/2003-Convention-pour-la-sauvegarde-du-patrimoine-culturel-immateriel.pdf\">2003 \u2014 Con\u00adven\u00adci\u00f3n para la Sal\u00adva\u00adguardia del Pat\u00adri\u00admo\u00adnio Cul\u00adtur\u00adal Inma\u00adte\u00adr\u00adi\u00adal (PCI)<\/a><\/li>\n<li><a href=\"https:\/\/www.zonefranche.com\/wp-content\/uploads\/2024\/01\/2001-Declaration-universelle-de-l_UNESCO-sur-la-diversite-culturelle.pdf\">2001 \u2014 Declaraci\u00f3n Uni\u00adver\u00adsal de la UNESCO sobre la Diver\u00adsi\u00addad Cul\u00adtur\u00adal<\/a><\/li>\n<\/ul>\n<\/div>\n\t\t\t\t<\/div>\n\t\t\t\t\t\t\t<div class=\"elementor-accordion-item\">\n\t\t\t\t\t<div id=\"elementor-tab-title-1228\" class=\"elementor-tab-title\" data-tab=\"8\" role=\"button\" aria-controls=\"elementor-tab-content-1228\" aria-expanded=\"false\">\n\t\t\t\t\t\t\t\t\t\t\t\t\t<span class=\"elementor-accordion-icon elementor-accordion-icon-right\" aria-hidden=\"true\">\n\t\t\t\t\t\t\t\t\t\t\t\t\t\t\t<span class=\"elementor-accordion-icon-closed\"><i class=\"fas fa-plus-circle\"><\/i><\/span>\n\t\t\t\t\t\t\t\t<span class=\"elementor-accordion-icon-opened\"><i class=\"fas fa-minus-circle\"><\/i><\/span>\n\t\t\t\t\t\t\t\t\t\t\t\t\t\t<\/span>\n\t\t\t\t\t\t\t\t\t\t\t\t<a class=\"elementor-accordion-title\" tabindex=\"0\">Otros recur\u00adsos (boletines, etc.)<\/a>\n\t\t\t\t\t<\/div>\n\t\t\t\t\t<div id=\"elementor-tab-content-1228\" class=\"elementor-tab-content elementor-clearfix\" data-tab=\"8\" role=\"region\" aria-labelledby=\"elementor-tab-title-1228\"><ul>\n<li><a href=\"https:\/\/mailchi.mp\/zonefranche\/newsletter-zone-franche-novembre-2023\">2023 \u2014 Bolet\u00edn del 15 de noviem\u00adbre<\/a><\/li>\n<li><a href=\"https:\/\/mailchi.mp\/zonefranche\/newsletter-zone-franche-au-womex-2023\">2023 \u2014 Bolet\u00edn del 19 de octubre<\/a><\/li>\n<li><a href=\"https:\/\/mailchi.mp\/zonefranche\/mama-2022-prsence-de-zone-franche-2608758\">2023 \u2014 Bolet\u00edn del 5&nbsp;de octubre<\/a><\/li>\n<li><a href=\"https:\/\/mailchi.mp\/zonefranche\/newsletter-zone-franche-aot-2608605\">2023 \u2014 Bolet\u00edn del 21 de agos\u00adto<\/a><\/li>\n<li><a href=\"https:\/\/mailchi.mp\/zonefranche\/newsletter-zone-franche-aot-2023\">2023 \u2014 Bolet\u00edn del 31 de julio<\/a><\/li>\n<li><a href=\"https:\/\/mailchi.mp\/zonefranche\/newsletter-zone-franche-juin-2023\">2023 \u2014 Bolet\u00edn del 13 de junio<\/a><\/li>\n<li><a href=\"https:\/\/mailchi.mp\/zonefranche\/newsletter-zone-franche-kdwvhwxxef\">2023 \u2014 Bolet\u00edn 22 mayo<\/a><\/li>\n<li><a href=\"https:\/\/mailchi.mp\/zonefranche\/newsletter-zone-franche-avril-2023-nouveau-ca\">2023 \u2014 Bolet\u00edn 20 de abril<\/a><\/li>\n<li><a href=\"https:\/\/mailchi.mp\/zonefranche\/newsletter-zone-franche-les-prochains-rendez-vous\">2023 \u2014 Bolet\u00edn del 21 de mar\u00adzo<\/a><\/li>\n<\/ul>\n<\/div>\n\t\t\t\t<\/div>\n\t\t\t\t\t\t\t\t<\/div>\n\t\t\t\t\t\t<\/div>\n\t\t\t\t<\/div>\n\t\t\t\t\t<\/div>\n\t\t<\/div>\n\t\t\t\t\t<\/div>\n\t\t<\/section>\n\t\t\t\t\t<\/div>\n\t\t<\/div>\n\t\t\t\t\t<\/div>\n\t\t<\/section>\n\t\t\t\t<section class=\"elementor-section elementor-top-section elementor-element elementor-element-651e26f elementor-section-boxed elementor-section-height-default elementor-section-height-default\" data-id=\"651e26f\" data-element_type=\"section\" data-e-type=\"section\" data-settings=\"{&quot;background_background&quot;:&quot;classic&quot;}\">\n\t\t\t\t\t\t<div class=\"elementor-container elementor-column-gap-default\">\n\t\t\t\t\t<div class=\"elementor-column elementor-col-100 elementor-top-column elementor-element elementor-element-f567d30\" data-id=\"f567d30\" data-element_type=\"column\" data-e-type=\"column\">\n\t\t\t<div class=\"elementor-widget-wrap\">\n\t\t\t\t\t\t\t<\/div>\n\t\t<\/div>\n\t\t\t\t\t<\/div>\n\t\t<\/section>\n\t\t\t\t<\/div>\n\t\t","protected":false},"excerpt":{"rendered":"<p>Recur\u00adsos Los Esta\u00addos Gen\u00aderales de las M\u00fasi\u00adcas del Mun\u00addo 2023 \u2014 Esta\u00addos Gen\u00aderales \u2014 Segun\u00adda Edi\u00adci\u00f3n \u2014 Acto 1&nbsp;: \u201cGeopol\u00edti\u00adca y&nbsp;M\u00fasi\u00adca\u201d \u2014 Los Sumar\u00adios 2023 \u2014 Esta\u00addos Gen\u00aderales \u2014 Segun\u00adda Edi\u00adci\u00f3n \u2014 Acto 1&nbsp;: \u201cGeopol\u00edti\u00adca y&nbsp;M\u00fasi\u00adca\u201d \u2014 Pod\u00adcast de las reuniones \u00ednte\u00adgras 2013 \u2014 Pat\u00adri\u00admo\u00adnio Gen\u00ader\u00adal \u2014 Primera Edi\u00adci\u00f3n \u2014 Ter\u00adcera Parte 2011 \u2014 \u00c9tats [\u2026]<\/p>\n","protected":false},"author":1,"featured_media":0,"parent":0,"menu_order":0,"comment_status":"closed","ping_status":"closed","template":"","meta":{"_acf_changed":false,"wp_typography_post_enhancements_disabled":false,"footnotes":""},"class_list":["post-34430","page","type-page","status-publish","hentry"],"acf":[],"_links":{"self":[{"href":"https:\/\/www.zonefranche.com\/es\/wp-json\/wp\/v2\/pages\/34430","targetHints":{"allow":["GET"]}}],"collection":[{"href":"https:\/\/www.zonefranche.com\/es\/wp-json\/wp\/v2\/pages"}],"about":[{"href":"https:\/\/www.zonefranche.com\/es\/wp-json\/wp\/v2\/types\/page"}],"author":[{"embeddable":true,"href":"https:\/\/www.zonefranche.com\/es\/wp-json\/wp\/v2\/users\/1"}],"replies":[{"embeddable":true,"href":"https:\/\/www.zonefranche.com\/es\/wp-json\/wp\/v2\/comments?post=34430"}],"version-history":[{"count":0,"href":"https:\/\/www.zonefranche.com\/es\/wp-json\/wp\/v2\/pages\/34430\/revisions"}],"wp:attachment":[{"href":"https:\/\/www.zonefranche.com\/es\/wp-json\/wp\/v2\/media?parent=34430"}],"curies":[{"name":"wp","href":"https:\/\/api.w.org\/{rel}","templated":true}]}}